{"id":25985,"date":"2022-11-16T15:19:27","date_gmt":"2022-11-16T13:19:27","guid":{"rendered":"https:\/\/leadermind.fi\/tietoa-meista\/"},"modified":"2022-11-16T15:22:18","modified_gmt":"2022-11-16T13:22:18","slug":"tietoa-meista","status":"publish","type":"page","link":"https:\/\/leadermind.fi\/fi\/tietoa-meista\/","title":{"rendered":"Tietoa meist\u00e4"},"content":{"rendered":"<div class=\"wpb-content-wrapper\"><p>[vc_row][vc_column width=&#8221;1\/1&#8243;][vc_row_inner row_inner_height_percent=&#8221;0&#8243; overlay_alpha=&#8221;50&#8243; gutter_size=&#8221;3&#8243; shift_y=&#8221;0&#8243; z_index=&#8221;0&#8243; uncode_shortcode_id=&#8221;684275&#8243; css=&#8221;.vc_custom_1648652399273{margin-top: 64px !important;}&#8221; limit_content=&#8221;&#8221;][vc_column_inner width=&#8221;1\/2&#8243;][vc_custom_heading text_weight=&#8221;400&#8243; css_animation=&#8221;alpha-anim&#8221; animation_speed=&#8221;1000&#8243; uncode_shortcode_id=&#8221;141369&#8243; el_class=&#8221;p-border&#8221;]<strong>Yritys<\/strong>[\/vc_custom_heading][vc_column_text css_animation=&#8221;alpha-anim&#8221; animation_speed=&#8221;1000&#8243; uncode_shortcode_id=&#8221;137989&#8243;]Perusajatuksena on, ett\u00e4 organisaation kehityst\u00e4 voidaan edist\u00e4\u00e4 yhdist\u00e4m\u00e4ll\u00e4 vankka tieteellinen perusta ja pelilllist\u00e4minen. Perusajatuksena on, ett\u00e4 organisaation kehityst\u00e4 voidaan edist\u00e4\u00e4 yhdist\u00e4m\u00e4ll\u00e4 vankka tieteellinen perusta ja pelilllist\u00e4minen.<\/p>\n<p>Perustimme yrityksen Mekiwin, asiantuntijoiden ja bisnesenkelien kanssa. Ensimm\u00e4inen tuote oli Tuottava esimies -simulaatio, joka sis\u00e4lt\u00e4\u00e4 tieteellisen tutkimuksen avainteorioita ja havaintoja. Toinen vaihe oli hy\u00f6dynt\u00e4\u00e4 teko\u00e4ly\u00e4 simuloinnissa ja luoda pedagogisesti toimiva oppimispeli.<\/p>\n<p>Intohimomme on luoda innovatiivisia uuden sukupolven ratkaisuja organisaation kehitt\u00e4miseen.[\/vc_column_text][\/vc_column_inner][vc_column_inner width=&#8221;1\/2&#8243;][vc_custom_heading text_weight=&#8221;400&#8243; css_animation=&#8221;alpha-anim&#8221; animation_speed=&#8221;1000&#8243; uncode_shortcode_id=&#8221;209696&#8243; el_class=&#8221;p-border&#8221;]<strong>PlayGain Oy <\/strong>[\/vc_custom_heading][vc_column_text css_animation=&#8221;alpha-anim&#8221; animation_speed=&#8221;1000&#8243; uncode_shortcode_id=&#8221;498785&#8243;]<strong>Osoite:<\/strong> Rantakukantie 1 B 9, 90540, Oulu, Finland<\/p>\n<p><strong>Puhelin:<\/strong> Toimitusjohtaja Marko Kesti +358 (0)<span id=\"ContentPlaceHolder_rptYhteysTiedot_lblYhteysTietoListanTieto_0\">40 717 8006<\/span><\/p>\n<p><strong>S\u00e4hk\u00f6posti:<\/strong> <a href=\"&#x6d;&#x61;&#x69;&#x6c;&#x74;&#x6f;&#x3a;&#x69;&#x6e;&#x66;&#x6f;&#x40;&#x70;&#x6c;&#x61;&#x79;&#x67;&#x61;&#x69;&#x6e;&#x2e;&#x66;&#x69;\">in&#102;&#111;&#x40;&#x70;&#x6c;&#x61;yg&#97;&#105;&#x6e;&#x2e;&#x66;&#x69;<\/a>[\/vc_column_text][uncode_socials size=&#8221;lead&#8221;][\/vc_column_inner][\/vc_row_inner][\/vc_column][\/vc_row][vc_row][vc_column column_width_percent=&#8221;100&#8243; align_horizontal=&#8221;align_center&#8221; gutter_size=&#8221;3&#8243; overlay_alpha=&#8221;50&#8243; shift_x=&#8221;0&#8243; shift_y=&#8221;0&#8243; shift_y_down=&#8221;0&#8243; z_index=&#8221;0&#8243; medium_width=&#8221;0&#8243; mobile_width=&#8221;0&#8243; width=&#8221;1\/1&#8243; uncode_shortcode_id=&#8221;199464&#8243;][vc_custom_heading text_size=&#8221;h1&#8243; css_animation=&#8221;zoom-in&#8221; animation_speed=&#8221;1000&#8243; uncode_shortcode_id=&#8221;676618&#8243; el_class=&#8221;header-body&#8221;]<strong>Tiimi<\/strong>[\/vc_custom_heading][vc_separator sep_color=&#8221;accent&#8221; css_animation=&#8221;zoom-in&#8221; animation_speed=&#8221;1000&#8243; uncode_shortcode_id=&#8221;211961&#8243; sep_color_type=&#8221;uncode-palette&#8221; el_width=&#8221;15%&#8221; el_height=&#8221;1px&#8221;][vc_gallery el_id=&#8221;gallery-165246&#8243; isotope_mode=&#8221;fitRows&#8221; medias=&#8221;25183,25185,25179,24964,24963&#8243; gutter_size=&#8221;3&#8243; media_items=&#8221;media|nolink|original,title,caption,spacer|half,description,sep-one|full,team-social&#8221; screen_lg=&#8221;1000&#8243; screen_md=&#8221;600&#8243; screen_sm=&#8221;480&#8243; single_text=&#8221;under&#8221; single_overlay_opacity=&#8221;1&#8243; single_overlay_anim=&#8221;no&#8221; single_text_anim=&#8221;no&#8221; single_image_anim=&#8221;no&#8221; single_padding=&#8221;2&#8243; single_title_dimension=&#8221;h4&#8243; uncode_shortcode_id=&#8221;145509&#8243;][\/vc_column][\/vc_row][vc_row][vc_column column_width_percent=&#8221;100&#8243; align_horizontal=&#8221;align_center&#8221; gutter_size=&#8221;3&#8243; overlay_alpha=&#8221;50&#8243; shift_x=&#8221;0&#8243; shift_y=&#8221;0&#8243; shift_y_down=&#8221;0&#8243; z_index=&#8221;0&#8243; medium_width=&#8221;0&#8243; mobile_width=&#8221;0&#8243; width=&#8221;1\/1&#8243; uncode_shortcode_id=&#8221;199464&#8243;][vc_custom_heading text_size=&#8221;h1&#8243; css_animation=&#8221;zoom-in&#8221; animation_speed=&#8221;1000&#8243; uncode_shortcode_id=&#8221;213381&#8243; el_class=&#8221;header-body&#8221;]<strong>Kumppanit<\/strong>[\/vc_custom_heading][vc_separator sep_color=&#8221;accent&#8221; css_animation=&#8221;zoom-in&#8221; animation_speed=&#8221;1000&#8243; uncode_shortcode_id=&#8221;293839&#8243; sep_color_type=&#8221;uncode-palette&#8221; el_width=&#8221;15%&#8221; el_height=&#8221;1px&#8221;][\/vc_column][\/vc_row][vc_row][vc_column width=&#8221;1\/6&#8243;][vc_single_image media=&#8221;25123&#8243; media_width_percent=&#8221;100&#8243; uncode_shortcode_id=&#8221;182019&#8243; media_link=&#8221;url:http%3A%2F%2Fmekiwi.org%2F|target:_blank&#8221;][\/vc_column][vc_column width=&#8221;1\/6&#8243;][vc_single_image media=&#8221;25117&#8243; media_width_percent=&#8221;100&#8243; uncode_shortcode_id=&#8221;172599&#8243; media_link=&#8221;url:http%3A%2F%2Finvictusleader.com%2F|target:_blank&#8221;][\/vc_column][vc_column width=&#8221;1\/6&#8243;][vc_single_image media=&#8221;25114&#8243; media_width_percent=&#8221;100&#8243; uncode_shortcode_id=&#8221;908071&#8243; media_link=&#8221;url:http%3A%2F%2Fwww.mcompetence.fi%2F|target:_blank&#8221;][\/vc_column][vc_column width=&#8221;1\/6&#8243;][vc_single_image media=&#8221;25188&#8243; media_width_percent=&#8221;100&#8243; uncode_shortcode_id=&#8221;326179&#8243; media_link=&#8221;url:https%3A%2F%2Fintegrio.net%2F|target:_blank&#8221;][\/vc_column][vc_column width=&#8221;1\/6&#8243;][vc_single_image media=&#8221;25011&#8243; media_width_percent=&#8221;100&#8243; uncode_shortcode_id=&#8221;182381&#8243; media_link=&#8221;url:https%3A%2F%2Fwww.otherways.fi%2F|target:_blank&#8221;][\/vc_column][\/vc_row]<\/p>\n<\/div>","protected":false},"excerpt":{"rendered":"<p>[vc_row][vc_column width=&#8221;1\/1&#8243;][vc_row_inner row_inner_height_percent=&#8221;0&#8243; overlay_alpha=&#8221;50&#8243; gutter_size=&#8221;3&#8243; shift_y=&#8221;0&#8243; z_index=&#8221;0&#8243; uncode_shortcode_id=&#8221;684275&#8243; css=&#8221;.vc_custom_1648652399273{margin-top: 64px !important;}&#8221; limit_content=&#8221;&#8221;][vc_column_inner width=&#8221;1\/2&#8243;][vc_custom_heading text_weight=&#8221;400&#8243; css_animation=&#8221;alpha-anim&#8221; animation_speed=&#8221;1000&#8243; uncode_shortcode_id=&#8221;141369&#8243; el_class=&#8221;p-border&#8221;]Yritys[\/vc_custom_heading][vc_column_text css_animation=&#8221;alpha-anim&#8221; animation_speed=&#8221;1000&#8243; [&hellip;]<\/p>\n","protected":false},"author":2,"featured_media":25155,"parent":0,"menu_order":0,"comment_status":"closed","ping_status":"closed","template":"","meta":{"footnotes":""},"class_list":["post-25985","page","type-page","status-publish","has-post-thumbnail","hentry"],"yoast_head":"<!-- This site is optimized with the Yoast SEO plugin v27.3 - https:\/\/yoast.com\/product\/yoast-seo-wordpress\/ -->\n<title>Tietoa meist\u00e4 | Leadermind<\/title>\n<meta name=\"description\" content=\"PlayGain on spin-off-yritys Marko Kestin tieteellisest\u00e4 tutkimuksesta. Perusajatuksena on, ett\u00e4 organisaation kehityst\u00e4 voidaan edist\u00e4\u00e4 yhdist\u00e4m\u00e4ll\u00e4 vankka tieteellinen perusta ja pelilllist\u00e4minen.\" \/>\n<meta name=\"robots\" content=\"index, follow, max-snippet:-1, max-image-preview:large, max-video-preview:-1\" \/>\n<link rel=\"canonical\" href=\"https:\/\/leadermind.fi\/fi\/tietoa-meista\/\" \/>\n<meta property=\"og:locale\" content=\"fi_FI\" \/>\n<meta property=\"og:type\" content=\"article\" \/>\n<meta property=\"og:title\" content=\"Tietoa meist\u00e4 | Leadermind\" \/>\n<meta property=\"og:description\" content=\"PlayGain on spin-off-yritys Marko Kestin tieteellisest\u00e4 tutkimuksesta. Perusajatuksena on, ett\u00e4 organisaation kehityst\u00e4 voidaan edist\u00e4\u00e4 yhdist\u00e4m\u00e4ll\u00e4 vankka tieteellinen perusta ja pelilllist\u00e4minen.\" \/>\n<meta property=\"og:url\" content=\"https:\/\/leadermind.fi\/fi\/tietoa-meista\/\" \/>\n<meta property=\"og:site_name\" content=\"Leadermind\" \/>\n<meta property=\"article:publisher\" content=\"https:\/\/www.facebook.com\/LeaderMind2020\/\" \/>\n<meta property=\"article:modified_time\" content=\"2022-11-16T13:22:18+00:00\" \/>\n<meta property=\"og:image\" content=\"https:\/\/leadermind-fi.hel9.wp-cloud.dev\/wp-content\/uploads\/2020\/06\/slider-img3.jpg\" \/>\n\t<meta property=\"og:image:width\" content=\"1920\" \/>\n\t<meta property=\"og:image:height\" content=\"988\" \/>\n\t<meta property=\"og:image:type\" content=\"image\/jpeg\" \/>\n<meta name=\"twitter:card\" content=\"summary_large_image\" \/>\n<meta name=\"twitter:label1\" content=\"Arvioitu lukuaika\" \/>\n\t<meta name=\"twitter:data1\" content=\"3 minuuttia\" \/>\n<script type=\"application\/ld+json\" class=\"yoast-schema-graph\">{\"@context\":\"https:\\\/\\\/schema.org\",\"@graph\":[{\"@type\":\"WebPage\",\"@id\":\"https:\\\/\\\/leadermind.fi\\\/fi\\\/tietoa-meista\\\/\",\"url\":\"https:\\\/\\\/leadermind.fi\\\/fi\\\/tietoa-meista\\\/\",\"name\":\"Tietoa meist\u00e4 | Leadermind\",\"isPartOf\":{\"@id\":\"https:\\\/\\\/leadermind-fi.hel9.wp-cloud.dev\\\/#website\"},\"primaryImageOfPage\":{\"@id\":\"https:\\\/\\\/leadermind.fi\\\/fi\\\/tietoa-meista\\\/#primaryimage\"},\"image\":{\"@id\":\"https:\\\/\\\/leadermind.fi\\\/fi\\\/tietoa-meista\\\/#primaryimage\"},\"thumbnailUrl\":\"https:\\\/\\\/leadermind.fi\\\/wp-content\\\/uploads\\\/2020\\\/06\\\/slider-img3.jpg\",\"datePublished\":\"2022-11-16T13:19:27+00:00\",\"dateModified\":\"2022-11-16T13:22:18+00:00\",\"description\":\"PlayGain on spin-off-yritys Marko Kestin tieteellisest\u00e4 tutkimuksesta. Perusajatuksena on, ett\u00e4 organisaation kehityst\u00e4 voidaan edist\u00e4\u00e4 yhdist\u00e4m\u00e4ll\u00e4 vankka tieteellinen perusta ja pelilllist\u00e4minen.\",\"breadcrumb\":{\"@id\":\"https:\\\/\\\/leadermind.fi\\\/fi\\\/tietoa-meista\\\/#breadcrumb\"},\"inLanguage\":\"fi\",\"potentialAction\":[{\"@type\":\"ReadAction\",\"target\":[\"https:\\\/\\\/leadermind.fi\\\/fi\\\/tietoa-meista\\\/\"]}]},{\"@type\":\"ImageObject\",\"inLanguage\":\"fi\",\"@id\":\"https:\\\/\\\/leadermind.fi\\\/fi\\\/tietoa-meista\\\/#primaryimage\",\"url\":\"https:\\\/\\\/leadermind.fi\\\/wp-content\\\/uploads\\\/2020\\\/06\\\/slider-img3.jpg\",\"contentUrl\":\"https:\\\/\\\/leadermind.fi\\\/wp-content\\\/uploads\\\/2020\\\/06\\\/slider-img3.jpg\",\"width\":1920,\"height\":988},{\"@type\":\"BreadcrumbList\",\"@id\":\"https:\\\/\\\/leadermind.fi\\\/fi\\\/tietoa-meista\\\/#breadcrumb\",\"itemListElement\":[{\"@type\":\"ListItem\",\"position\":1,\"name\":\"Home\",\"item\":\"https:\\\/\\\/leadermind.fi\\\/fi\\\/etusivu\\\/\"},{\"@type\":\"ListItem\",\"position\":2,\"name\":\"Tietoa meist\u00e4\"}]},{\"@type\":\"WebSite\",\"@id\":\"https:\\\/\\\/leadermind-fi.hel9.wp-cloud.dev\\\/#website\",\"url\":\"https:\\\/\\\/leadermind-fi.hel9.wp-cloud.dev\\\/\",\"name\":\"Leadermind\",\"description\":\"Productive Leadership Simulation\",\"publisher\":{\"@id\":\"https:\\\/\\\/leadermind-fi.hel9.wp-cloud.dev\\\/#organization\"},\"potentialAction\":[{\"@type\":\"SearchAction\",\"target\":{\"@type\":\"EntryPoint\",\"urlTemplate\":\"https:\\\/\\\/leadermind-fi.hel9.wp-cloud.dev\\\/?s={search_term_string}\"},\"query-input\":{\"@type\":\"PropertyValueSpecification\",\"valueRequired\":true,\"valueName\":\"search_term_string\"}}],\"inLanguage\":\"fi\"},{\"@type\":\"Organization\",\"@id\":\"https:\\\/\\\/leadermind-fi.hel9.wp-cloud.dev\\\/#organization\",\"name\":\"LeaderMind\",\"url\":\"https:\\\/\\\/leadermind-fi.hel9.wp-cloud.dev\\\/\",\"logo\":{\"@type\":\"ImageObject\",\"inLanguage\":\"fi\",\"@id\":\"https:\\\/\\\/leadermind-fi.hel9.wp-cloud.dev\\\/#\\\/schema\\\/logo\\\/image\\\/\",\"url\":\"https:\\\/\\\/leadermind.fi\\\/wp-content\\\/uploads\\\/2020\\\/06\\\/leadermind-logo.png\",\"contentUrl\":\"https:\\\/\\\/leadermind.fi\\\/wp-content\\\/uploads\\\/2020\\\/06\\\/leadermind-logo.png\",\"width\":1200,\"height\":298,\"caption\":\"LeaderMind\"},\"image\":{\"@id\":\"https:\\\/\\\/leadermind-fi.hel9.wp-cloud.dev\\\/#\\\/schema\\\/logo\\\/image\\\/\"},\"sameAs\":[\"https:\\\/\\\/www.facebook.com\\\/LeaderMind2020\\\/\"]}]}<\/script>\n<!-- \/ Yoast SEO plugin. -->","yoast_head_json":{"title":"Tietoa meist\u00e4 | Leadermind","description":"PlayGain on spin-off-yritys Marko Kestin tieteellisest\u00e4 tutkimuksesta. Perusajatuksena on, ett\u00e4 organisaation kehityst\u00e4 voidaan edist\u00e4\u00e4 yhdist\u00e4m\u00e4ll\u00e4 vankka tieteellinen perusta ja pelilllist\u00e4minen.","robots":{"index":"index","follow":"follow","max-snippet":"max-snippet:-1","max-image-preview":"max-image-preview:large","max-video-preview":"max-video-preview:-1"},"canonical":"https:\/\/leadermind.fi\/fi\/tietoa-meista\/","og_locale":"fi_FI","og_type":"article","og_title":"Tietoa meist\u00e4 | Leadermind","og_description":"PlayGain on spin-off-yritys Marko Kestin tieteellisest\u00e4 tutkimuksesta. Perusajatuksena on, ett\u00e4 organisaation kehityst\u00e4 voidaan edist\u00e4\u00e4 yhdist\u00e4m\u00e4ll\u00e4 vankka tieteellinen perusta ja pelilllist\u00e4minen.","og_url":"https:\/\/leadermind.fi\/fi\/tietoa-meista\/","og_site_name":"Leadermind","article_publisher":"https:\/\/www.facebook.com\/LeaderMind2020\/","article_modified_time":"2022-11-16T13:22:18+00:00","og_image":[{"width":1920,"height":988,"url":"https:\/\/leadermind-fi.hel9.wp-cloud.dev\/wp-content\/uploads\/2020\/06\/slider-img3.jpg","type":"image\/jpeg"}],"twitter_card":"summary_large_image","twitter_misc":{"Arvioitu lukuaika":"3 minuuttia"},"schema":{"@context":"https:\/\/schema.org","@graph":[{"@type":"WebPage","@id":"https:\/\/leadermind.fi\/fi\/tietoa-meista\/","url":"https:\/\/leadermind.fi\/fi\/tietoa-meista\/","name":"Tietoa meist\u00e4 | Leadermind","isPartOf":{"@id":"https:\/\/leadermind-fi.hel9.wp-cloud.dev\/#website"},"primaryImageOfPage":{"@id":"https:\/\/leadermind.fi\/fi\/tietoa-meista\/#primaryimage"},"image":{"@id":"https:\/\/leadermind.fi\/fi\/tietoa-meista\/#primaryimage"},"thumbnailUrl":"https:\/\/leadermind.fi\/wp-content\/uploads\/2020\/06\/slider-img3.jpg","datePublished":"2022-11-16T13:19:27+00:00","dateModified":"2022-11-16T13:22:18+00:00","description":"PlayGain on spin-off-yritys Marko Kestin tieteellisest\u00e4 tutkimuksesta. Perusajatuksena on, ett\u00e4 organisaation kehityst\u00e4 voidaan edist\u00e4\u00e4 yhdist\u00e4m\u00e4ll\u00e4 vankka tieteellinen perusta ja pelilllist\u00e4minen.","breadcrumb":{"@id":"https:\/\/leadermind.fi\/fi\/tietoa-meista\/#breadcrumb"},"inLanguage":"fi","potentialAction":[{"@type":"ReadAction","target":["https:\/\/leadermind.fi\/fi\/tietoa-meista\/"]}]},{"@type":"ImageObject","inLanguage":"fi","@id":"https:\/\/leadermind.fi\/fi\/tietoa-meista\/#primaryimage","url":"https:\/\/leadermind.fi\/wp-content\/uploads\/2020\/06\/slider-img3.jpg","contentUrl":"https:\/\/leadermind.fi\/wp-content\/uploads\/2020\/06\/slider-img3.jpg","width":1920,"height":988},{"@type":"BreadcrumbList","@id":"https:\/\/leadermind.fi\/fi\/tietoa-meista\/#breadcrumb","itemListElement":[{"@type":"ListItem","position":1,"name":"Home","item":"https:\/\/leadermind.fi\/fi\/etusivu\/"},{"@type":"ListItem","position":2,"name":"Tietoa meist\u00e4"}]},{"@type":"WebSite","@id":"https:\/\/leadermind-fi.hel9.wp-cloud.dev\/#website","url":"https:\/\/leadermind-fi.hel9.wp-cloud.dev\/","name":"Leadermind","description":"Productive Leadership Simulation","publisher":{"@id":"https:\/\/leadermind-fi.hel9.wp-cloud.dev\/#organization"},"potentialAction":[{"@type":"SearchAction","target":{"@type":"EntryPoint","urlTemplate":"https:\/\/leadermind-fi.hel9.wp-cloud.dev\/?s={search_term_string}"},"query-input":{"@type":"PropertyValueSpecification","valueRequired":true,"valueName":"search_term_string"}}],"inLanguage":"fi"},{"@type":"Organization","@id":"https:\/\/leadermind-fi.hel9.wp-cloud.dev\/#organization","name":"LeaderMind","url":"https:\/\/leadermind-fi.hel9.wp-cloud.dev\/","logo":{"@type":"ImageObject","inLanguage":"fi","@id":"https:\/\/leadermind-fi.hel9.wp-cloud.dev\/#\/schema\/logo\/image\/","url":"https:\/\/leadermind.fi\/wp-content\/uploads\/2020\/06\/leadermind-logo.png","contentUrl":"https:\/\/leadermind.fi\/wp-content\/uploads\/2020\/06\/leadermind-logo.png","width":1200,"height":298,"caption":"LeaderMind"},"image":{"@id":"https:\/\/leadermind-fi.hel9.wp-cloud.dev\/#\/schema\/logo\/image\/"},"sameAs":["https:\/\/www.facebook.com\/LeaderMind2020\/"]}]}},"jetpack_sharing_enabled":true,"_links":{"self":[{"href":"https:\/\/leadermind.fi\/fi\/wp-json\/wp\/v2\/pages\/25985","targetHints":{"allow":["GET"]}}],"collection":[{"href":"https:\/\/leadermind.fi\/fi\/wp-json\/wp\/v2\/pages"}],"about":[{"href":"https:\/\/leadermind.fi\/fi\/wp-json\/wp\/v2\/types\/page"}],"author":[{"embeddable":true,"href":"https:\/\/leadermind.fi\/fi\/wp-json\/wp\/v2\/users\/2"}],"replies":[{"embeddable":true,"href":"https:\/\/leadermind.fi\/fi\/wp-json\/wp\/v2\/comments?post=25985"}],"version-history":[{"count":3,"href":"https:\/\/leadermind.fi\/fi\/wp-json\/wp\/v2\/pages\/25985\/revisions"}],"predecessor-version":[{"id":25988,"href":"https:\/\/leadermind.fi\/fi\/wp-json\/wp\/v2\/pages\/25985\/revisions\/25988"}],"wp:featuredmedia":[{"embeddable":true,"href":"https:\/\/leadermind.fi\/fi\/wp-json\/wp\/v2\/media\/25155"}],"wp:attachment":[{"href":"https:\/\/leadermind.fi\/fi\/wp-json\/wp\/v2\/media?parent=25985"}],"curies":[{"name":"wp","href":"https:\/\/api.w.org\/{rel}","templated":true}]}}