{"id":25991,"date":"2022-11-16T16:13:19","date_gmt":"2022-11-16T14:13:19","guid":{"rendered":"https:\/\/leadermind.fi\/aimo\/"},"modified":"2023-12-18T17:11:10","modified_gmt":"2023-12-18T15:11:10","slug":"aimo","status":"publish","type":"page","link":"https:\/\/leadermind.fi\/fi\/aimo\/","title":{"rendered":"Aimo"},"content":{"rendered":"<div class=\"wpb-content-wrapper\"><p>[vc_row row_height_percent=&#8221;0&#8243; override_padding=&#8221;yes&#8221; h_padding=&#8221;2&#8243; top_padding=&#8221;4&#8243; bottom_padding=&#8221;3&#8243; overlay_alpha=&#8221;50&#8243; gutter_size=&#8221;3&#8243; column_width_percent=&#8221;100&#8243; shift_y=&#8221;0&#8243; z_index=&#8221;0&#8243; uncode_shortcode_id=&#8221;146501&#8243;][vc_column column_width_percent=&#8221;100&#8243; align_horizontal=&#8221;align_center&#8221; gutter_size=&#8221;3&#8243; overlay_alpha=&#8221;50&#8243; shift_x=&#8221;0&#8243; shift_y=&#8221;0&#8243; shift_y_down=&#8221;0&#8243; z_index=&#8221;0&#8243; medium_width=&#8221;0&#8243; mobile_width=&#8221;0&#8243; width=&#8221;1\/1&#8243; uncode_shortcode_id=&#8221;208867&#8243;][vc_custom_heading text_size=&#8221;h1&#8243; css_animation=&#8221;zoom-in&#8221; animation_speed=&#8221;1000&#8243; uncode_shortcode_id=&#8221;166886&#8243; el_class=&#8221;header-body&#8221;]Johtajan teko\u00e4lyavusteinen mentori[\/vc_custom_heading][vc_separator sep_color=&#8221;accent&#8221; css_animation=&#8221;zoom-in&#8221; animation_speed=&#8221;1000&#8243; uncode_shortcode_id=&#8221;293839&#8243; sep_color_type=&#8221;uncode-palette&#8221; el_width=&#8221;15%&#8221; el_height=&#8221;1px&#8221;][vc_row_inner][vc_column_inner width=&#8221;1\/2&#8243;][vc_column_text css_animation=&#8221;alpha-anim&#8221; animation_speed=&#8221;1000&#8243; uncode_shortcode_id=&#8221;118847&#8243;]AIMO on helppok\u00e4ytt\u00e4inen teko\u00e4lyavusteinen simulaatio. Voit mallintaa ongelmaa ja antaa AIMOn tuottaa ratkaisuja ennen riskialtiiden p\u00e4\u00e4t\u00f6sten tekemist\u00e4.<\/p>\n<p>AIMOlla voit simuloida kasvun, taantuman ja normaalimarkkinatilanteen skenaarioita. Kun kerrot AIMOlle johtamistilanteesi haasteet ja tapahtumat, AIMO antaa Sinulle toimenpide-ehdotuksia, kuinka ratkoa vallitseva tilanne optimaalisimmin. AIMO etsii aina parhaan yhdistelman eri johtamisk\u00e4yt\u00e4nteit\u00e4, joita voit k\u00e4ytt\u00e4\u00e4. Voit olla varma, ett\u00e4 juuri niiden toimien taloudellinen hy\u00f6ty on paras ja ne yll\u00e4pit\u00e4v\u00e4t parasta mahdollista ty\u00f6el\u00e4m\u00e4nlaatua kest\u00e4v\u00e4ll\u00e4 tavalla.[\/vc_column_text][\/vc_column_inner][vc_column_inner width=&#8221;1\/2&#8243;][vc_single_image media=&#8221;25052&#8243; media_width_percent=&#8221;100&#8243; alignment=&#8221;center&#8221; shadow=&#8221;yes&#8221; shadow_weight=&#8221;sm&#8221; css_animation=&#8221;bottom-t-top&#8221; animation_speed=&#8221;1000&#8243; animation_delay=&#8221;200&#8243; uncode_shortcode_id=&#8221;820111&#8243;][\/vc_column_inner][\/vc_row_inner][vc_row_inner][vc_column_inner width=&#8221;1\/2&#8243;][vc_custom_heading heading_semantic=&#8221;h4&#8243; text_size=&#8221;h4&#8243; uncode_shortcode_id=&#8221;128939&#8243;]Miten AIMO auttaa?[\/vc_custom_heading][\/vc_column_inner][vc_column_inner width=&#8221;1\/2&#8243;][\/vc_column_inner][\/vc_row_inner][vc_row_inner][vc_column_inner width=&#8221;1\/2&#8243;][vc_custom_heading heading_semantic=&#8221;p&#8221; text_size=&#8221;&#8221; text_weight=&#8221;400&#8243; css_animation=&#8221;alpha-anim&#8221; animation_speed=&#8221;1000&#8243; uncode_shortcode_id=&#8221;121256&#8243; el_class=&#8221;p-border&#8221;]<strong>Ty\u00f6si helpottuu<\/strong><\/p>\n<p>Haluatko parantaa tiimin suorituskyky\u00e4 ja hyvinvointia, mutta et ole varma, miten edet\u00e4? AIMO ennakoi tiimin haasteita ja l\u00f6yt\u00e4\u00e4 kest\u00e4vi\u00e4 ratkaisuja kehitt\u00e4miseen.[\/vc_custom_heading][vc_custom_heading heading_semantic=&#8221;p&#8221; text_size=&#8221;&#8221; text_weight=&#8221;400&#8243; css_animation=&#8221;alpha-anim&#8221; animation_speed=&#8221;1000&#8243; uncode_shortcode_id=&#8221;682857&#8243; el_class=&#8221;p-border&#8221;]<strong>V\u00e4henn\u00e4 henkil\u00f6st\u00f6n vaihtuvuutta<\/strong><\/p>\n<p>Myrkyllinen ty\u00f6ilmapiiri ja pettymys tiimin esimieheen ovat jatkuvasti p\u00e4\u00e4llimm\u00e4isin\u00e4 syin\u00e4, miksi ty\u00f6ntekij\u00e4t irtisanoutuvat ty\u00f6paikastaan. Huhtikuun 2021 ja huhtikuun 2022 v\u00e4lisen\u00e4 aikana 34 % ihmisist\u00e4 j\u00e4tti ty\u00f6paikkansa huonojen johtajien takia<a href=\"https:\/\/www.mckinsey.com\/capabilities\/people-and-organizational-performance\/our-insights\/the-great-attrition-is-making-hiring-harder-are-you-searching-the-right-talent-pools\" target=\"_blank\" rel=\"noopener\">*<\/a>.<br \/>\n  AIMO-riskianalyysi ennustaa vaihtuvuus- ja sairauspoissaoloriskit ja ehdottaa kriittisi\u00e4 toimenpiteit\u00e4 toteutettavaksi.[\/vc_custom_heading][vc_custom_heading heading_semantic=&#8221;p&#8221; text_size=&#8221;&#8221; text_weight=&#8221;400&#8243; css_animation=&#8221;alpha-anim&#8221; animation_speed=&#8221;1000&#8243; uncode_shortcode_id=&#8221;428779&#8243; el_class=&#8221;p-border&#8221;]<strong>Laatu voittaa m\u00e4\u00e4r\u00e4n<\/strong><\/p>\n<p>AIMOn tavoitteena on parantaa ty\u00f6el\u00e4m\u00e4n laatuindeksi\u00e4, mink\u00e4 seurauksena koko organisaation tuottavuus kasvaa henkil\u00f6st\u00f6n paremman hyvinvoinnin ja ty\u00f6nantajamaineen my\u00f6t\u00e4.<\/p>\n<p><a href=\"https:\/\/leadermind.fi\/fi\/human-capital-theory\/\">Mik\u00e4 on QWL-indeksi?<\/a>[\/vc_custom_heading][\/vc_column_inner][vc_column_inner width=&#8221;1\/2&#8243;][vc_custom_heading heading_semantic=&#8221;p&#8221; text_size=&#8221;&#8221; text_weight=&#8221;400&#8243; css_animation=&#8221;alpha-anim&#8221; animation_speed=&#8221;1000&#8243; uncode_shortcode_id=&#8221;111553&#8243; el_class=&#8221;p-border&#8221;]<strong>Tule paremmaksi johtajaksi<\/strong><\/p>\n<p>Paranna johtamistaitojasi AIMOn itsearviointitestill\u00e4. L\u00f6yd\u00e4 vahvuutesi ja heikkoutesi, opi k\u00e4yt\u00e4nn\u00f6n ratkaisuja, jotka tuovat tuloksia.[\/vc_custom_heading][vc_custom_heading heading_semantic=&#8221;p&#8221; text_size=&#8221;&#8221; text_weight=&#8221;400&#8243; css_animation=&#8221;alpha-anim&#8221; animation_speed=&#8221;1000&#8243; uncode_shortcode_id=&#8221;163138&#8243; el_class=&#8221;p-border&#8221;]<strong>Ty\u00f6ntekij\u00e4t ovat paras investointi<\/strong><\/p>\n<p>Ihmiskeskeinen johtamisk\u00e4ytt\u00e4ytyminen johtaa parempaan liiketoiminnan tulokseen. Yhdell\u00e4 askeleella voit valita toteutettavat kriittiset toimet ja n\u00e4hd\u00e4 vuosittain lasketun rahallisen hy\u00f6dyn.[\/vc_custom_heading][\/vc_column_inner][\/vc_row_inner][\/vc_column][\/vc_row][vc_row row_height_percent=&#8221;0&#8243; override_padding=&#8221;yes&#8221; h_padding=&#8221;2&#8243; top_padding=&#8221;4&#8243; bottom_padding=&#8221;4&#8243; back_color=&#8221;color-wayh&#8221; overlay_alpha=&#8221;50&#8243; gutter_size=&#8221;3&#8243; column_width_percent=&#8221;100&#8243; shift_y=&#8221;0&#8243; z_index=&#8221;0&#8243; uncode_shortcode_id=&#8221;197312&#8243; back_color_type=&#8221;uncode-palette&#8221; row_name=&#8221;price-table&#8221;][vc_column column_width_percent=&#8221;100&#8243; align_horizontal=&#8221;align_center&#8221; gutter_size=&#8221;3&#8243; overlay_alpha=&#8221;50&#8243; shift_x=&#8221;0&#8243; shift_y=&#8221;0&#8243; shift_y_down=&#8221;0&#8243; z_index=&#8221;0&#8243; medium_width=&#8221;0&#8243; mobile_width=&#8221;0&#8243; width=&#8221;1\/1&#8243; uncode_shortcode_id=&#8221;702006&#8243;][vc_custom_heading text_size=&#8221;h1&#8243; css_animation=&#8221;zoom-in&#8221; animation_speed=&#8221;1000&#8243; uncode_shortcode_id=&#8221;157508&#8243; el_class=&#8221;header-body&#8221;]Tilausvaihtoehdot[\/vc_custom_heading][vc_column_text uncode_shortcode_id=&#8221;832451&#8243;]AIMO on Playgainin ohjelmistopalveluna tarjoama teko\u00e4lyavustaja tiiminvet\u00e4jille. Voit valita kolmesta k\u00e4ytt\u00e4j\u00e4kohtaisesta tilausvaihtoehdosta: [\/vc_column_text][vc_separator sep_color=&#8221;accent&#8221; css_animation=&#8221;zoom-in&#8221; animation_speed=&#8221;1000&#8243; uncode_shortcode_id=&#8221;293839&#8243; sep_color_type=&#8221;uncode-palette&#8221; el_width=&#8221;15%&#8221; el_height=&#8221;1px&#8221;][vc_row_inner row_inner_height_percent=&#8221;0&#8243; overlay_alpha=&#8221;50&#8243; gutter_size=&#8221;0&#8243; shift_y=&#8221;0&#8243; z_index=&#8221;0&#8243; medium_visibility=&#8221;yes&#8221; mobile_visibility=&#8221;yes&#8221; uncode_shortcode_id=&#8221;117132&#8243;][vc_column_inner width=&#8221;1\/3&#8243;][uncode_pricing title=&#8221;AIMO-viikkopaketti&#8221; price=&#8221;10\u20ac \/ viikko&#8221; hover_fx=&#8221;full-colored&#8221; price_color=&#8221;accent&#8221; uncode_shortcode_id=&#8221;159469&#8243; price_color_type=&#8221;uncode-palette&#8221; button=&#8221;url:https%3A%2F%2Fleadermind.fi%2Ffi%2Fkauppa%2Faimo-viikkopaketti%2F|title:Tilaa%20nyt&#8221; el_class=&#8221;price-side&#8221;][\/vc_column_inner][vc_column_inner width=&#8221;1\/3&#8243;][uncode_pricing title=&#8221;AIMO-kuukausipaketti&#8221; price=&#8221;35\u20ac \/ kuukausi&#8221; hover_fx=&#8221;full-colored&#8221; price_color=&#8221;accent&#8221; most=&#8221;yes&#8221; uncode_shortcode_id=&#8221;280611&#8243; price_color_type=&#8221;uncode-palette&#8221; button=&#8221;url:https%3A%2F%2Fleadermind.fi%2Ffi%2Fkauppa%2Faimo-kuukausipaketti%2F|title:Tilaa%20nyt&#8221; el_class=&#8221;price-middle&#8221;][\/vc_column_inner][vc_column_inner width=&#8221;1\/3&#8243;][uncode_pricing title=&#8221;AIMO-vuosisuunnitelma&#8221; price=&#8221;350\u20ac \/ vuosi&#8221; hover_fx=&#8221;full-colored&#8221; price_color=&#8221;accent&#8221; uncode_shortcode_id=&#8221;144339&#8243; price_color_type=&#8221;uncode-palette&#8221; button=&#8221;url:https%3A%2F%2Fleadermind.fi%2Ffi%2Fkauppa%2Faimo-vuosisuunnitelma%2F|title:Tilaa%20nyt&#8221; el_class=&#8221;price-side&#8221;][\/vc_column_inner][\/vc_row_inner][vc_row_inner row_inner_height_percent=&#8221;0&#8243; overlay_alpha=&#8221;50&#8243; gutter_size=&#8221;3&#8243; shift_y=&#8221;0&#8243; z_index=&#8221;0&#8243; desktop_visibility=&#8221;yes&#8221; uncode_shortcode_id=&#8221;108414&#8243;][vc_column_inner width=&#8221;1\/3&#8243;][uncode_pricing title=&#8221;AIMO-viikkopaketti&#8221; price=&#8221;10\u20ac \/ week&#8221; hover_fx=&#8221;full-colored&#8221; price_color=&#8221;accent&#8221; css_animation=&#8221;bottom-t-top&#8221; animation_speed=&#8221;1000&#8243; uncode_shortcode_id=&#8221;167608&#8243; price_color_type=&#8221;uncode-palette&#8221; button=&#8221;url:https%3A%2F%2Fleadermind.fi%2Ffi%2Fkauppa%2Faimo-viikkopaketti%2F|title:Tilaa%20nyt&#8221; el_class=&#8221;price-side&#8221;][\/vc_column_inner][vc_column_inner width=&#8221;1\/3&#8243;][uncode_pricing title=&#8221;AIMO-kuukausipaketti&#8221; price=&#8221;35\u20ac \/ month&#8221; hover_fx=&#8221;full-colored&#8221; price_color=&#8221;accent&#8221; most=&#8221;yes&#8221; css_animation=&#8221;bottom-t-top&#8221; animation_speed=&#8221;1000&#8243; animation_delay=&#8221;200&#8243; uncode_shortcode_id=&#8221;399846&#8243; price_color_type=&#8221;uncode-palette&#8221; button=&#8221;url:https%3A%2F%2Fleadermind.fi%2Ffi%2Fkauppa%2Faimo-kuukausipaketti%2F|title:Tilaa%20nyt&#8221; el_class=&#8221;price-middle&#8221;][\/vc_column_inner][vc_column_inner width=&#8221;1\/3&#8243;][uncode_pricing title=&#8221;AIMO-vuosisuunnitelma&#8221; price=&#8221;350\u20ac \/ year&#8221; hover_fx=&#8221;full-colored&#8221; price_color=&#8221;accent&#8221; css_animation=&#8221;bottom-t-top&#8221; animation_speed=&#8221;1000&#8243; animation_delay=&#8221;400&#8243; uncode_shortcode_id=&#8221;391003&#8243; price_color_type=&#8221;uncode-palette&#8221; button=&#8221;url:https%3A%2F%2Fleadermind.fi%2Ffi%2Fkauppa%2Faimo-vuosisuunnitelma%2F|title:Tilaa%20nyt&#8221; el_class=&#8221;price-side&#8221;][\/vc_column_inner][\/vc_row_inner][\/vc_column][\/vc_row][vc_row row_height_percent=&#8221;0&#8243; override_padding=&#8221;yes&#8221; h_padding=&#8221;2&#8243; top_padding=&#8221;4&#8243; bottom_padding=&#8221;4&#8243; overlay_alpha=&#8221;50&#8243; gutter_size=&#8221;3&#8243; column_width_percent=&#8221;100&#8243; shift_y=&#8221;0&#8243; z_index=&#8221;0&#8243; uncode_shortcode_id=&#8221;142024&#8243;][vc_column column_width_percent=&#8221;100&#8243; align_horizontal=&#8221;align_center&#8221; gutter_size=&#8221;3&#8243; overlay_alpha=&#8221;50&#8243; shift_x=&#8221;0&#8243; shift_y=&#8221;0&#8243; shift_y_down=&#8221;0&#8243; z_index=&#8221;0&#8243; medium_width=&#8221;0&#8243; mobile_width=&#8221;0&#8243; width=&#8221;1\/1&#8243; uncode_shortcode_id=&#8221;208867&#8243;][vc_custom_heading text_size=&#8221;h1&#8243; css_animation=&#8221;zoom-in&#8221; animation_speed=&#8221;1000&#8243; uncode_shortcode_id=&#8221;543064&#8243; el_class=&#8221;header-body&#8221;]Kuinka se toimii?[\/vc_custom_heading][vc_separator sep_color=&#8221;accent&#8221; css_animation=&#8221;zoom-in&#8221; animation_speed=&#8221;1000&#8243; uncode_shortcode_id=&#8221;293839&#8243; sep_color_type=&#8221;uncode-palette&#8221; el_width=&#8221;15%&#8221; el_height=&#8221;1px&#8221;][vc_row_inner][vc_column_inner width=&#8221;1\/2&#8243;][vc_column_text css_animation=&#8221;alpha-anim&#8221; animation_speed=&#8221;1000&#8243; uncode_shortcode_id=&#8221;736213&#8243;]AIMO on helppok\u00e4ytt\u00e4inen teko\u00e4lyavusteinen simulaatio. Voit mallintaa ongelmaa ja antaa AIMOn tuottaa ratkaisuja ennen riskialtiiden p\u00e4\u00e4t\u00f6sten tekemist\u00e4. <\/p>\n<p>Teko\u00e4lypohjainen simulaatio noudattaa kest\u00e4v\u00e4n kehityksen periaatetta, joka optimoi sek\u00e4 talouden ett\u00e4 ty\u00f6el\u00e4m\u00e4n laadun. Toimenpiteiden valinnassa otetaan huomioon sinun yksil\u00f6lliset toiveet ja ohjataan sinua kehitt\u00e4m\u00e4\u00e4n johtamistaitojasi.[\/vc_column_text][\/vc_column_inner][vc_column_inner width=&#8221;1\/2&#8243;][vc_single_image media=&#8221;25915&#8243; media_width_percent=&#8221;100&#8243; alignment=&#8221;center&#8221; shadow=&#8221;yes&#8221; shadow_weight=&#8221;sm&#8221; css_animation=&#8221;bottom-t-top&#8221; animation_speed=&#8221;1000&#8243; animation_delay=&#8221;200&#8243; uncode_shortcode_id=&#8221;126722&#8243;][\/vc_column_inner][\/vc_row_inner][vc_row_inner row_inner_height_percent=&#8221;0&#8243; overlay_alpha=&#8221;50&#8243; gutter_size=&#8221;3&#8243; shift_y=&#8221;0&#8243; z_index=&#8221;0&#8243; uncode_shortcode_id=&#8221;684275&#8243; css=&#8221;.vc_custom_1648652399273{margin-top: 64px !important;}&#8221;][vc_column_inner width=&#8221;1\/2&#8243;][vc_custom_heading heading_semantic=&#8221;p&#8221; text_size=&#8221;h4&#8243; text_weight=&#8221;400&#8243; css_animation=&#8221;alpha-anim&#8221; animation_speed=&#8221;1000&#8243; uncode_shortcode_id=&#8221;192977&#8243; el_class=&#8221;p-border&#8221;]Organisaatio reagoi mahdollisiin ongelmiin liian my\u00f6h\u00e4\u00e4n<\/p>\n<p><strong>AIMO Vahvistaa heikkojen signaalien merkityst\u00e4 joukkueen suorituskyvylle<\/strong>[\/vc_custom_heading][vc_custom_heading heading_semantic=&#8221;p&#8221; text_size=&#8221;h4&#8243; text_weight=&#8221;400&#8243; css_animation=&#8221;alpha-anim&#8221; animation_speed=&#8221;1000&#8243; uncode_shortcode_id=&#8221;165821&#8243; el_class=&#8221;p-border&#8221;]Organisaatio on ep\u00e4varma suunnitellun toiminnan kannattavuudesta (ROI)<\/p>\n<p><strong>AIMO analysoi johtamistoimien (investoinnin) takaisinmaksun ajan<\/strong>[\/vc_custom_heading][\/vc_column_inner][vc_column_inner width=&#8221;1\/2&#8243;][vc_custom_heading heading_semantic=&#8221;p&#8221; text_size=&#8221;h4&#8243; text_weight=&#8221;400&#8243; css_animation=&#8221;alpha-anim&#8221; animation_speed=&#8221;1000&#8243; uncode_shortcode_id=&#8221;102092&#8243; el_class=&#8221;p-border&#8221;]Organisaatio ei osaa puuttua ongelmaan<\/p>\n<p><strong>AIMO analysoi parhaat johtamistoimet kest\u00e4v\u00e4n kehityksen kannalta<\/strong>[\/vc_custom_heading][vc_custom_heading heading_semantic=&#8221;p&#8221; text_size=&#8221;h4&#8243; text_weight=&#8221;400&#8243; css_animation=&#8221;alpha-anim&#8221; animation_speed=&#8221;1000&#8243; uncode_shortcode_id=&#8221;197669&#8243; el_class=&#8221;p-border&#8221;]Hyvi\u00e4 johtamisk\u00e4yt\u00e4nt\u00f6j\u00e4 ei tunneta, ja motivaatio oppia niit\u00e4 on heikko<\/p>\n<p><strong>AIMO vahvistaa oppimisen motivaatiota ja tarjoaa tukea oppimiseen<\/strong>[\/vc_custom_heading][\/vc_column_inner][\/vc_row_inner][\/vc_column][\/vc_row]<\/p>\n<\/div>","protected":false},"excerpt":{"rendered":"<p>[vc_row row_height_percent=&#8221;0&#8243; override_padding=&#8221;yes&#8221; h_padding=&#8221;2&#8243; top_padding=&#8221;4&#8243; bottom_padding=&#8221;3&#8243; overlay_alpha=&#8221;50&#8243; gutter_size=&#8221;3&#8243; column_width_percent=&#8221;100&#8243; shift_y=&#8221;0&#8243; z_index=&#8221;0&#8243; uncode_shortcode_id=&#8221;146501&#8243;][vc_column column_width_percent=&#8221;100&#8243; align_horizontal=&#8221;align_center&#8221; gutter_size=&#8221;3&#8243; overlay_alpha=&#8221;50&#8243; shift_x=&#8221;0&#8243; shift_y=&#8221;0&#8243; shift_y_down=&#8221;0&#8243; z_index=&#8221;0&#8243; [&hellip;]<\/p>\n","protected":false},"author":2,"featured_media":25151,"parent":0,"menu_order":0,"comment_status":"closed","ping_status":"closed","template":"","meta":{"footnotes":""},"class_list":["post-25991","page","type-page","status-publish","has-post-thumbnail","hentry"],"yoast_head":"<!-- This site is optimized with the Yoast SEO plugin v27.3 - https:\/\/yoast.com\/product\/yoast-seo-wordpress\/ -->\n<title>Aimo | Leadermind<\/title>\n<meta name=\"description\" content=\"AIMO on helppok\u00e4ytt\u00e4inen teko\u00e4lyavusteinen simulaatio. Voit mallintaa ongelmaa ja antaa AIMOn tuottaa ratkaisuja ennen riskialtiiden p\u00e4\u00e4t\u00f6sten tekemist\u00e4.\" \/>\n<meta name=\"robots\" content=\"index, follow, max-snippet:-1, max-image-preview:large, max-video-preview:-1\" \/>\n<link rel=\"canonical\" href=\"https:\/\/leadermind.fi\/fi\/aimo\/\" \/>\n<meta property=\"og:locale\" content=\"fi_FI\" \/>\n<meta property=\"og:type\" content=\"article\" \/>\n<meta property=\"og:title\" content=\"Aimo | Leadermind\" \/>\n<meta property=\"og:description\" content=\"AIMO on helppok\u00e4ytt\u00e4inen teko\u00e4lyavusteinen simulaatio. Voit mallintaa ongelmaa ja antaa AIMOn tuottaa ratkaisuja ennen riskialtiiden p\u00e4\u00e4t\u00f6sten tekemist\u00e4.\" \/>\n<meta property=\"og:url\" content=\"https:\/\/leadermind.fi\/fi\/aimo\/\" \/>\n<meta property=\"og:site_name\" content=\"Leadermind\" \/>\n<meta property=\"article:publisher\" content=\"https:\/\/www.facebook.com\/LeaderMind2020\/\" \/>\n<meta property=\"article:modified_time\" content=\"2023-12-18T15:11:10+00:00\" \/>\n<meta property=\"og:image\" content=\"https:\/\/leadermind.fi\/wp-content\/uploads\/2020\/06\/slider-img1.jpg\" \/>\n\t<meta property=\"og:image:width\" content=\"1920\" \/>\n\t<meta property=\"og:image:height\" content=\"1080\" \/>\n\t<meta property=\"og:image:type\" content=\"image\/jpeg\" \/>\n<meta name=\"twitter:card\" content=\"summary_large_image\" \/>\n<meta name=\"twitter:label1\" content=\"Arvioitu lukuaika\" \/>\n\t<meta name=\"twitter:data1\" content=\"3 minuuttia\" \/>\n<script type=\"application\/ld+json\" class=\"yoast-schema-graph\">{\"@context\":\"https:\\\/\\\/schema.org\",\"@graph\":[{\"@type\":\"WebPage\",\"@id\":\"https:\\\/\\\/leadermind.fi\\\/fi\\\/aimo\\\/\",\"url\":\"https:\\\/\\\/leadermind.fi\\\/fi\\\/aimo\\\/\",\"name\":\"Aimo | Leadermind\",\"isPartOf\":{\"@id\":\"https:\\\/\\\/leadermind-fi.hel9.wp-cloud.dev\\\/#website\"},\"primaryImageOfPage\":{\"@id\":\"https:\\\/\\\/leadermind.fi\\\/fi\\\/aimo\\\/#primaryimage\"},\"image\":{\"@id\":\"https:\\\/\\\/leadermind.fi\\\/fi\\\/aimo\\\/#primaryimage\"},\"thumbnailUrl\":\"https:\\\/\\\/leadermind.fi\\\/wp-content\\\/uploads\\\/2020\\\/06\\\/slider-img1.jpg\",\"datePublished\":\"2022-11-16T14:13:19+00:00\",\"dateModified\":\"2023-12-18T15:11:10+00:00\",\"description\":\"AIMO on helppok\u00e4ytt\u00e4inen teko\u00e4lyavusteinen simulaatio. Voit mallintaa ongelmaa ja antaa AIMOn tuottaa ratkaisuja ennen riskialtiiden p\u00e4\u00e4t\u00f6sten tekemist\u00e4.\",\"breadcrumb\":{\"@id\":\"https:\\\/\\\/leadermind.fi\\\/fi\\\/aimo\\\/#breadcrumb\"},\"inLanguage\":\"fi\",\"potentialAction\":[{\"@type\":\"ReadAction\",\"target\":[\"https:\\\/\\\/leadermind.fi\\\/fi\\\/aimo\\\/\"]}]},{\"@type\":\"ImageObject\",\"inLanguage\":\"fi\",\"@id\":\"https:\\\/\\\/leadermind.fi\\\/fi\\\/aimo\\\/#primaryimage\",\"url\":\"https:\\\/\\\/leadermind.fi\\\/wp-content\\\/uploads\\\/2020\\\/06\\\/slider-img1.jpg\",\"contentUrl\":\"https:\\\/\\\/leadermind.fi\\\/wp-content\\\/uploads\\\/2020\\\/06\\\/slider-img1.jpg\",\"width\":1920,\"height\":1080},{\"@type\":\"BreadcrumbList\",\"@id\":\"https:\\\/\\\/leadermind.fi\\\/fi\\\/aimo\\\/#breadcrumb\",\"itemListElement\":[{\"@type\":\"ListItem\",\"position\":1,\"name\":\"Home\",\"item\":\"https:\\\/\\\/leadermind.fi\\\/fi\\\/etusivu\\\/\"},{\"@type\":\"ListItem\",\"position\":2,\"name\":\"Aimo\"}]},{\"@type\":\"WebSite\",\"@id\":\"https:\\\/\\\/leadermind-fi.hel9.wp-cloud.dev\\\/#website\",\"url\":\"https:\\\/\\\/leadermind-fi.hel9.wp-cloud.dev\\\/\",\"name\":\"Leadermind\",\"description\":\"Productive Leadership Simulation\",\"publisher\":{\"@id\":\"https:\\\/\\\/leadermind-fi.hel9.wp-cloud.dev\\\/#organization\"},\"potentialAction\":[{\"@type\":\"SearchAction\",\"target\":{\"@type\":\"EntryPoint\",\"urlTemplate\":\"https:\\\/\\\/leadermind-fi.hel9.wp-cloud.dev\\\/?s={search_term_string}\"},\"query-input\":{\"@type\":\"PropertyValueSpecification\",\"valueRequired\":true,\"valueName\":\"search_term_string\"}}],\"inLanguage\":\"fi\"},{\"@type\":\"Organization\",\"@id\":\"https:\\\/\\\/leadermind-fi.hel9.wp-cloud.dev\\\/#organization\",\"name\":\"LeaderMind\",\"url\":\"https:\\\/\\\/leadermind-fi.hel9.wp-cloud.dev\\\/\",\"logo\":{\"@type\":\"ImageObject\",\"inLanguage\":\"fi\",\"@id\":\"https:\\\/\\\/leadermind-fi.hel9.wp-cloud.dev\\\/#\\\/schema\\\/logo\\\/image\\\/\",\"url\":\"https:\\\/\\\/leadermind.fi\\\/wp-content\\\/uploads\\\/2020\\\/06\\\/leadermind-logo.png\",\"contentUrl\":\"https:\\\/\\\/leadermind.fi\\\/wp-content\\\/uploads\\\/2020\\\/06\\\/leadermind-logo.png\",\"width\":1200,\"height\":298,\"caption\":\"LeaderMind\"},\"image\":{\"@id\":\"https:\\\/\\\/leadermind-fi.hel9.wp-cloud.dev\\\/#\\\/schema\\\/logo\\\/image\\\/\"},\"sameAs\":[\"https:\\\/\\\/www.facebook.com\\\/LeaderMind2020\\\/\"]}]}<\/script>\n<!-- \/ Yoast SEO plugin. -->","yoast_head_json":{"title":"Aimo | Leadermind","description":"AIMO on helppok\u00e4ytt\u00e4inen teko\u00e4lyavusteinen simulaatio. Voit mallintaa ongelmaa ja antaa AIMOn tuottaa ratkaisuja ennen riskialtiiden p\u00e4\u00e4t\u00f6sten tekemist\u00e4.","robots":{"index":"index","follow":"follow","max-snippet":"max-snippet:-1","max-image-preview":"max-image-preview:large","max-video-preview":"max-video-preview:-1"},"canonical":"https:\/\/leadermind.fi\/fi\/aimo\/","og_locale":"fi_FI","og_type":"article","og_title":"Aimo | Leadermind","og_description":"AIMO on helppok\u00e4ytt\u00e4inen teko\u00e4lyavusteinen simulaatio. Voit mallintaa ongelmaa ja antaa AIMOn tuottaa ratkaisuja ennen riskialtiiden p\u00e4\u00e4t\u00f6sten tekemist\u00e4.","og_url":"https:\/\/leadermind.fi\/fi\/aimo\/","og_site_name":"Leadermind","article_publisher":"https:\/\/www.facebook.com\/LeaderMind2020\/","article_modified_time":"2023-12-18T15:11:10+00:00","og_image":[{"width":1920,"height":1080,"url":"https:\/\/leadermind.fi\/wp-content\/uploads\/2020\/06\/slider-img1.jpg","type":"image\/jpeg"}],"twitter_card":"summary_large_image","twitter_misc":{"Arvioitu lukuaika":"3 minuuttia"},"schema":{"@context":"https:\/\/schema.org","@graph":[{"@type":"WebPage","@id":"https:\/\/leadermind.fi\/fi\/aimo\/","url":"https:\/\/leadermind.fi\/fi\/aimo\/","name":"Aimo | Leadermind","isPartOf":{"@id":"https:\/\/leadermind-fi.hel9.wp-cloud.dev\/#website"},"primaryImageOfPage":{"@id":"https:\/\/leadermind.fi\/fi\/aimo\/#primaryimage"},"image":{"@id":"https:\/\/leadermind.fi\/fi\/aimo\/#primaryimage"},"thumbnailUrl":"https:\/\/leadermind.fi\/wp-content\/uploads\/2020\/06\/slider-img1.jpg","datePublished":"2022-11-16T14:13:19+00:00","dateModified":"2023-12-18T15:11:10+00:00","description":"AIMO on helppok\u00e4ytt\u00e4inen teko\u00e4lyavusteinen simulaatio. Voit mallintaa ongelmaa ja antaa AIMOn tuottaa ratkaisuja ennen riskialtiiden p\u00e4\u00e4t\u00f6sten tekemist\u00e4.","breadcrumb":{"@id":"https:\/\/leadermind.fi\/fi\/aimo\/#breadcrumb"},"inLanguage":"fi","potentialAction":[{"@type":"ReadAction","target":["https:\/\/leadermind.fi\/fi\/aimo\/"]}]},{"@type":"ImageObject","inLanguage":"fi","@id":"https:\/\/leadermind.fi\/fi\/aimo\/#primaryimage","url":"https:\/\/leadermind.fi\/wp-content\/uploads\/2020\/06\/slider-img1.jpg","contentUrl":"https:\/\/leadermind.fi\/wp-content\/uploads\/2020\/06\/slider-img1.jpg","width":1920,"height":1080},{"@type":"BreadcrumbList","@id":"https:\/\/leadermind.fi\/fi\/aimo\/#breadcrumb","itemListElement":[{"@type":"ListItem","position":1,"name":"Home","item":"https:\/\/leadermind.fi\/fi\/etusivu\/"},{"@type":"ListItem","position":2,"name":"Aimo"}]},{"@type":"WebSite","@id":"https:\/\/leadermind-fi.hel9.wp-cloud.dev\/#website","url":"https:\/\/leadermind-fi.hel9.wp-cloud.dev\/","name":"Leadermind","description":"Productive Leadership Simulation","publisher":{"@id":"https:\/\/leadermind-fi.hel9.wp-cloud.dev\/#organization"},"potentialAction":[{"@type":"SearchAction","target":{"@type":"EntryPoint","urlTemplate":"https:\/\/leadermind-fi.hel9.wp-cloud.dev\/?s={search_term_string}"},"query-input":{"@type":"PropertyValueSpecification","valueRequired":true,"valueName":"search_term_string"}}],"inLanguage":"fi"},{"@type":"Organization","@id":"https:\/\/leadermind-fi.hel9.wp-cloud.dev\/#organization","name":"LeaderMind","url":"https:\/\/leadermind-fi.hel9.wp-cloud.dev\/","logo":{"@type":"ImageObject","inLanguage":"fi","@id":"https:\/\/leadermind-fi.hel9.wp-cloud.dev\/#\/schema\/logo\/image\/","url":"https:\/\/leadermind.fi\/wp-content\/uploads\/2020\/06\/leadermind-logo.png","contentUrl":"https:\/\/leadermind.fi\/wp-content\/uploads\/2020\/06\/leadermind-logo.png","width":1200,"height":298,"caption":"LeaderMind"},"image":{"@id":"https:\/\/leadermind-fi.hel9.wp-cloud.dev\/#\/schema\/logo\/image\/"},"sameAs":["https:\/\/www.facebook.com\/LeaderMind2020\/"]}]}},"jetpack_sharing_enabled":true,"_links":{"self":[{"href":"https:\/\/leadermind.fi\/fi\/wp-json\/wp\/v2\/pages\/25991","targetHints":{"allow":["GET"]}}],"collection":[{"href":"https:\/\/leadermind.fi\/fi\/wp-json\/wp\/v2\/pages"}],"about":[{"href":"https:\/\/leadermind.fi\/fi\/wp-json\/wp\/v2\/types\/page"}],"author":[{"embeddable":true,"href":"https:\/\/leadermind.fi\/fi\/wp-json\/wp\/v2\/users\/2"}],"replies":[{"embeddable":true,"href":"https:\/\/leadermind.fi\/fi\/wp-json\/wp\/v2\/comments?post=25991"}],"version-history":[{"count":13,"href":"https:\/\/leadermind.fi\/fi\/wp-json\/wp\/v2\/pages\/25991\/revisions"}],"predecessor-version":[{"id":26305,"href":"https:\/\/leadermind.fi\/fi\/wp-json\/wp\/v2\/pages\/25991\/revisions\/26305"}],"wp:featuredmedia":[{"embeddable":true,"href":"https:\/\/leadermind.fi\/fi\/wp-json\/wp\/v2\/media\/25151"}],"wp:attachment":[{"href":"https:\/\/leadermind.fi\/fi\/wp-json\/wp\/v2\/media?parent=25991"}],"curies":[{"name":"wp","href":"https:\/\/api.w.org\/{rel}","templated":true}]}}