{"id":25997,"date":"2022-11-16T16:15:14","date_gmt":"2022-11-16T14:15:14","guid":{"rendered":"https:\/\/leadermind.fi\/etusivu\/"},"modified":"2023-12-18T16:03:18","modified_gmt":"2023-12-18T14:03:18","slug":"etusivu","status":"publish","type":"page","link":"https:\/\/leadermind.fi\/fi\/","title":{"rendered":"Etusivu"},"content":{"rendered":"<div class=\"wpb-content-wrapper\"><p>[vc_row row_height_percent=&#8221;0&#8243; override_padding=&#8221;yes&#8221; h_padding=&#8221;2&#8243; top_padding=&#8221;4&#8243; bottom_padding=&#8221;4&#8243; overlay_alpha=&#8221;50&#8243; gutter_size=&#8221;3&#8243; column_width_percent=&#8221;100&#8243; shift_y=&#8221;0&#8243; z_index=&#8221;0&#8243; uncode_shortcode_id=&#8221;416040&#8243;][vc_column column_width_percent=&#8221;100&#8243; align_horizontal=&#8221;align_center&#8221; gutter_size=&#8221;3&#8243; overlay_alpha=&#8221;50&#8243; shift_x=&#8221;0&#8243; shift_y=&#8221;0&#8243; shift_y_down=&#8221;0&#8243; z_index=&#8221;0&#8243; medium_width=&#8221;0&#8243; mobile_width=&#8221;0&#8243; width=&#8221;1\/1&#8243; uncode_shortcode_id=&#8221;208867&#8243;][vc_custom_heading text_size=&#8221;h1&#8243; css_animation=&#8221;zoom-in&#8221; animation_speed=&#8221;1000&#8243; uncode_shortcode_id=&#8221;364155&#8243; el_class=&#8221;header-body&#8221;]Aimo[\/vc_custom_heading][vc_separator sep_color=&#8221;accent&#8221; css_animation=&#8221;zoom-in&#8221; animation_speed=&#8221;1000&#8243; uncode_shortcode_id=&#8221;293839&#8243; sep_color_type=&#8221;uncode-palette&#8221; el_width=&#8221;15%&#8221; el_height=&#8221;1px&#8221;][vc_row_inner row_inner_height_percent=&#8221;0&#8243; overlay_alpha=&#8221;50&#8243; gutter_size=&#8221;3&#8243; shift_y=&#8221;0&#8243; z_index=&#8221;0&#8243; uncode_shortcode_id=&#8221;160282&#8243;][vc_column_inner column_width_percent=&#8221;100&#8243; gutter_size=&#8221;3&#8243; overlay_alpha=&#8221;50&#8243; shift_x=&#8221;0&#8243; shift_y=&#8221;0&#8243; shift_y_down=&#8221;0&#8243; z_index=&#8221;0&#8243; medium_width=&#8221;0&#8243; mobile_width=&#8221;0&#8243; width=&#8221;1\/2&#8243; uncode_shortcode_id=&#8221;383473&#8243;][vc_column_text css_animation=&#8221;alpha-anim&#8221; animation_speed=&#8221;1000&#8243; uncode_shortcode_id=&#8221;460202&#8243;]<\/p>\n<h4>Johtajan teko\u00e4lyavusteinen mentori<\/h4>\n<p>AIMO on jokaisen johtajan ja esimiehen henkil\u00f6kohtainen avustaja haastavissa tilanteissa. AIMOn avulla simuloit erilaisia johtamistilanteita ja testaat henkil\u00f6st\u00f6\u00f6n kohdistuvan toiminnan vaikutuksia.<\/p>\n<p>AIMOlla voit simuloida kasvun, taantuman ja normaalimarkkinatilanteen skenaarioita. Jos n\u00e4m\u00e4 eiv\u00e4t riit\u00e4, AIMOa voidaan muokata Teid\u00e4n liiketoiminnan yksil\u00f6llisiin tarpeisiin.[\/vc_column_text][vc_button button_color=&#8221;accent&#8221; hover_fx=&#8221;full-colored&#8221; border_width=&#8221;0&#8243; css_animation=&#8221;bottom-t-top&#8221; animation_speed=&#8221;1000&#8243; link=&#8221;url:https%3A%2F%2Fleadermind.fi%2Ffi%2Faimo%2F|title:Leadermind|&#8221; uncode_shortcode_id=&#8221;133753&#8243; button_color_type=&#8221;uncode-palette&#8221;]Lue lis\u00e4\u00e4[\/vc_button][\/vc_column_inner][vc_column_inner column_width_percent=&#8221;100&#8243; position_vertical=&#8221;middle&#8221; gutter_size=&#8221;3&#8243; overlay_alpha=&#8221;50&#8243; shift_x=&#8221;0&#8243; shift_y=&#8221;0&#8243; shift_y_down=&#8221;0&#8243; z_index=&#8221;0&#8243; medium_width=&#8221;0&#8243; mobile_width=&#8221;0&#8243; width=&#8221;1\/2&#8243; uncode_shortcode_id=&#8221;989274&#8243;][vc_single_image media=&#8221;25148&#8243; media_width_percent=&#8221;70&#8243; alignment=&#8221;center&#8221; css_animation=&#8221;bottom-t-top&#8221; animation_speed=&#8221;1000&#8243; animation_delay=&#8221;200&#8243; uncode_shortcode_id=&#8221;190703&#8243;][\/vc_column_inner][\/vc_row_inner][\/vc_column][\/vc_row][vc_row row_height_percent=&#8221;0&#8243; override_padding=&#8221;yes&#8221; h_padding=&#8221;2&#8243; top_padding=&#8221;4&#8243; bottom_padding=&#8221;4&#8243; back_color=&#8221;color-wayh&#8221; overlay_alpha=&#8221;50&#8243; gutter_size=&#8221;3&#8243; column_width_percent=&#8221;100&#8243; shift_y=&#8221;0&#8243; z_index=&#8221;0&#8243; uncode_shortcode_id=&#8221;118605&#8243; back_color_type=&#8221;uncode-palette&#8221;][vc_column column_width_percent=&#8221;100&#8243; align_horizontal=&#8221;align_center&#8221; gutter_size=&#8221;3&#8243; overlay_alpha=&#8221;50&#8243; shift_x=&#8221;0&#8243; shift_y=&#8221;0&#8243; shift_y_down=&#8221;0&#8243; z_index=&#8221;0&#8243; medium_width=&#8221;0&#8243; mobile_width=&#8221;0&#8243; width=&#8221;1\/1&#8243; uncode_shortcode_id=&#8221;702006&#8243;][vc_custom_heading text_size=&#8221;h1&#8243; css_animation=&#8221;zoom-in&#8221; animation_speed=&#8221;1000&#8243; uncode_shortcode_id=&#8221;788134&#8243; el_class=&#8221;header-body&#8221;]LeaderMind[\/vc_custom_heading][vc_separator sep_color=&#8221;accent&#8221; css_animation=&#8221;zoom-in&#8221; animation_speed=&#8221;1000&#8243; uncode_shortcode_id=&#8221;293839&#8243; sep_color_type=&#8221;uncode-palette&#8221; el_width=&#8221;15%&#8221; el_height=&#8221;1px&#8221;][vc_row_inner][vc_column_inner width=&#8221;1\/2&#8243;][vc_column_text css_animation=&#8221;alpha-anim&#8221; animation_speed=&#8221;1000&#8243; uncode_shortcode_id=&#8221;193517&#8243;]<\/p>\n<h4>LeaderMind on maailman ensimm\u00e4inen hy\u00f6typeli yrityksen henkil\u00f6st\u00f6n ja tuottavuuden yht\u00e4aikaiseen kehitt\u00e4miseen. Kokeilet simulaatiossa erilaisia johtamisk\u00e4yt\u00e4nt\u00f6j\u00e4 ja n\u00e4et vaikutuksen euroina.<\/h4>\n<p>LeaderMind on digitaalinen oppimisalusta esimiestaitojen kehitt\u00e4miselle ja liiketoiminnan tulosparannukselle ilman kustannusleikkauksia. Peli k\u00e4ytt\u00e4\u00e4 hyv\u00e4ksi uusimpaan tieteelliseen tutkimukseen perustuvaa teko\u00e4lyll\u00e4 vahvistettua mallia, jonka avulla ty\u00f6el\u00e4m\u00e4n laadun parannuksen vaikutukset n\u00e4kyv\u00e4t suoraan yrityksen tuloksessa. Henkil\u00f6st\u00f6p\u00e4\u00e4omaa hy\u00f6dynt\u00e4m\u00e4ll\u00e4 ja tuottavuutta lis\u00e4\u00e4m\u00e4ll\u00e4 organisaatio voi saavuttaa kest\u00e4v\u00e4\u00e4 kilpailuetua. <\/p>\n<p>LeaderMind on henkil\u00f6kohtainen teko\u00e4lypohjainen avustajasi, joka auttaa ratkaisemaan johtamiseen liittyvi\u00e4 ongelmia tehokkaasti huomioiden pitk\u00e4n aikav\u00e4lin edut.[\/vc_column_text][vc_button button_color=&#8221;accent&#8221; hover_fx=&#8221;full-colored&#8221; border_width=&#8221;0&#8243; css_animation=&#8221;bottom-t-top&#8221; animation_speed=&#8221;1000&#8243; link=&#8221;url:https%3A%2F%2Fleadermind.fi%2Ffi%2Fleadermind%2F|title:Leadermind|&#8221; uncode_shortcode_id=&#8221;163413&#8243; button_color_type=&#8221;uncode-palette&#8221;]Lue lis\u00e4\u00e4[\/vc_button][\/vc_column_inner][vc_column_inner width=&#8221;1\/2&#8243;][vc_single_image media=&#8221;25171&#8243; media_width_percent=&#8221;100&#8243; alignment=&#8221;center&#8221; shadow=&#8221;yes&#8221; shadow_weight=&#8221;sm&#8221; css_animation=&#8221;bottom-t-top&#8221; animation_speed=&#8221;1000&#8243; animation_delay=&#8221;200&#8243; uncode_shortcode_id=&#8221;100426&#8243;][\/vc_column_inner][\/vc_row_inner][\/vc_column][\/vc_row][vc_row row_height_percent=&#8221;0&#8243; override_padding=&#8221;yes&#8221; h_padding=&#8221;2&#8243; top_padding=&#8221;4&#8243; bottom_padding=&#8221;4&#8243; back_color=&#8221;color-wvjs&#8221; overlay_alpha=&#8221;50&#8243; gutter_size=&#8221;3&#8243; column_width_percent=&#8221;100&#8243; shift_y=&#8221;0&#8243; z_index=&#8221;0&#8243; uncode_shortcode_id=&#8221;151149&#8243; back_color_type=&#8221;uncode-palette&#8221;][vc_column column_width_percent=&#8221;100&#8243; align_horizontal=&#8221;align_center&#8221; gutter_size=&#8221;3&#8243; overlay_alpha=&#8221;50&#8243; shift_x=&#8221;0&#8243; shift_y=&#8221;0&#8243; shift_y_down=&#8221;0&#8243; z_index=&#8221;0&#8243; medium_width=&#8221;0&#8243; mobile_width=&#8221;0&#8243; width=&#8221;1\/1&#8243; uncode_shortcode_id=&#8221;702006&#8243;][vc_custom_heading text_size=&#8221;h1&#8243; css_animation=&#8221;zoom-in&#8221; animation_speed=&#8221;1000&#8243; uncode_shortcode_id=&#8221;168372&#8243; el_class=&#8221;header-body&#8221;]Tuottava esimies -koulutusohjelma[\/vc_custom_heading][vc_separator sep_color=&#8221;accent&#8221; css_animation=&#8221;zoom-in&#8221; animation_speed=&#8221;1000&#8243; uncode_shortcode_id=&#8221;293839&#8243; sep_color_type=&#8221;uncode-palette&#8221; el_width=&#8221;15%&#8221; el_height=&#8221;1px&#8221;][vc_row_inner row_inner_height_percent=&#8221;0&#8243; overlay_alpha=&#8221;50&#8243; gutter_size=&#8221;3&#8243; shift_y=&#8221;0&#8243; z_index=&#8221;0&#8243; uncode_shortcode_id=&#8221;160282&#8243;][vc_column_inner column_width_percent=&#8221;100&#8243; position_vertical=&#8221;middle&#8221; gutter_size=&#8221;3&#8243; overlay_alpha=&#8221;50&#8243; shift_x=&#8221;0&#8243; shift_y=&#8221;0&#8243; shift_y_down=&#8221;0&#8243; z_index=&#8221;0&#8243; medium_width=&#8221;0&#8243; mobile_width=&#8221;0&#8243; width=&#8221;1\/2&#8243; uncode_shortcode_id=&#8221;607848&#8243;][vc_single_image media=&#8221;25169&#8243; media_width_percent=&#8221;100&#8243; alignment=&#8221;center&#8221; shadow=&#8221;yes&#8221; shadow_weight=&#8221;sm&#8221; css_animation=&#8221;bottom-t-top&#8221; animation_speed=&#8221;1000&#8243; uncode_shortcode_id=&#8221;168388&#8243;][\/vc_column_inner][vc_column_inner column_width_percent=&#8221;100&#8243; gutter_size=&#8221;3&#8243; overlay_alpha=&#8221;50&#8243; shift_x=&#8221;0&#8243; shift_y=&#8221;0&#8243; shift_y_down=&#8221;0&#8243; z_index=&#8221;0&#8243; medium_width=&#8221;0&#8243; mobile_width=&#8221;0&#8243; width=&#8221;1\/2&#8243; uncode_shortcode_id=&#8221;383473&#8243;][vc_column_text css_animation=&#8221;alpha-anim&#8221; animation_speed=&#8221;1000&#8243; uncode_shortcode_id=&#8221;137119&#8243;]Ty\u00f6pajassa p\u00e4\u00e4set harjoittelemaan ty\u00f6el\u00e4m\u00e4n laadun ja tuottavuuden v\u00e4list\u00e4 yhteytt\u00e4 Workshopit voidaan r\u00e4\u00e4t\u00e4l\u00f6id\u00e4 Sinun ja tiimisi tarpeisiin.<\/p>\n<p>Ty\u00f6pajassa perehdyt LeaderMind-simulointiin opetusv\u00e4lineen\u00e4 ja opit parhaat johtamisen ongelmanratkaisutaidot. Jokainen opiskelija suorittaa simulaatiossa p\u00e4tevyyskokeet ja harjoittelee henkil\u00f6st\u00f6johtamisen tehokkuutta simuloiden ongelmien ratkomista ja tutkien niiden vaikutuksia yrityksen talouteen ja ty\u00f6el\u00e4m\u00e4n laatuun. <\/p>\n<p>Voit valita johtamisen tavoitteittesi mukaisen koulutuskokonaisuuden.[\/vc_column_text][vc_button button_color=&#8221;accent&#8221; hover_fx=&#8221;full-colored&#8221; border_width=&#8221;0&#8243; css_animation=&#8221;bottom-t-top&#8221; animation_speed=&#8221;1000&#8243; link=&#8221;url:https%3A%2F%2Fleadermind.fi%2Ffi%2Ftyopaja%2F|title:Leadermind|&#8221; uncode_shortcode_id=&#8221;202109&#8243; button_color_type=&#8221;uncode-palette&#8221;]Lue lis\u00e4\u00e4[\/vc_button][\/vc_column_inner][\/vc_row_inner][\/vc_column][\/vc_row][vc_row row_height_percent=&#8221;0&#8243; overlay_alpha=&#8221;50&#8243; gutter_size=&#8221;3&#8243; column_width_percent=&#8221;100&#8243; shift_y=&#8221;0&#8243; z_index=&#8221;0&#8243; uncode_shortcode_id=&#8221;107911&#8243;][vc_column column_width_percent=&#8221;100&#8243; align_horizontal=&#8221;align_center&#8221; gutter_size=&#8221;3&#8243; overlay_alpha=&#8221;50&#8243; shift_x=&#8221;0&#8243; shift_y=&#8221;0&#8243; shift_y_down=&#8221;0&#8243; z_index=&#8221;0&#8243; medium_width=&#8221;0&#8243; mobile_width=&#8221;0&#8243; width=&#8221;1\/1&#8243; uncode_shortcode_id=&#8221;757706&#8243;][vc_custom_heading text_size=&#8221;h1&#8243; css_animation=&#8221;zoom-in&#8221; animation_speed=&#8221;1000&#8243; uncode_shortcode_id=&#8221;168773&#8243; el_class=&#8221;header-body&#8221;]Referenssit[\/vc_custom_heading][vc_separator sep_color=&#8221;accent&#8221; css_animation=&#8221;zoom-in&#8221; animation_speed=&#8221;1000&#8243; uncode_shortcode_id=&#8221;293839&#8243; sep_color_type=&#8221;uncode-palette&#8221; el_width=&#8221;15%&#8221; el_height=&#8221;1px&#8221;][vc_gallery el_id=&#8221;gallery-85457&#8243; type=&#8221;carousel&#8221; medias=&#8221;25307,25310,25304,25328,25319,25331,25334,25337,25292&#8243; carousel_lg=&#8221;3&#8243; carousel_md=&#8221;3&#8243; carousel_sm=&#8221;3&#8243; gutter_size=&#8221;3&#8243; media_items=&#8221;media|custom_link|original,icon&#8221; carousel_interval=&#8221;3000&#8243; carousel_navspeed=&#8221;400&#8243; carousel_dots=&#8221;yes&#8221; carousel_dots_mobile=&#8221;yes&#8221; stage_padding=&#8221;0&#8243; single_overlay_opacity=&#8221;50&#8243; single_overlay_anim=&#8221;no&#8221; single_text_anim=&#8221;no&#8221; single_image_anim=&#8221;no&#8221; single_padding=&#8221;2&#8243; single_border=&#8221;yes&#8221; uncode_shortcode_id=&#8221;736703&#8243; items=&#8221;eyIyNTMwN19pIjp7InNpbmdsZV9saW5rIjoidXJsOmh0dHBzOi8vc290ZS5rYWludXUuZmkvdGllZG9zdGEtdHlvaHl2aW52b2ludGlhLWphLXR1b3R0YXZ1dXR0YXx0YXJnZXQ6X2JsYW5rIn0sIjI1MzEwX2kiOnsic2luZ2xlX2xpbmsiOiJ1cmw6aHR0cHM6Ly9tYXJrb2tlc3RpLmZpbGVzLndvcmRwcmVzcy5jb20vMjAxOS8xMi9wZ19iZXN0X2hhbGwubXA0fHRhcmdldDpfYmxhbmsifSwiMjUzMDRfaSI6eyJzaW5nbGVfbGluayI6InVybDpodHRwczovL2xhYi5maS9maS9wcm9qZWt0aS9oZW50dXx0YXJnZXQ6X2JsYW5rIn0sIjI1MzI4X2kiOnsic2luZ2xlX2xpbmsiOiJ1cmw6aHR0cHM6Ly93d3cueGFtay5maS90dXRraW11cy1qYS1rZWhpdHlzL3Zla2UtdmV0b3ZvaW1hYS1qYS1rZXN0YXZhYS10dW90dGF2dXV0dGEtZXRlbGEtc2F2b24teXJpdHlrc2lpbi98dGFyZ2V0Ol9ibGFuayJ9LCIyNTMxOV9pIjp7InNpbmdsZV9saW5rIjoidXJsOmh0dHBzOi8vd3d3LnBwa3lvLmZpL2ZpL3Z1b3JvdmFpa3V0dXNzdWh0ZWV0LTUtb3AtbHktb3JqbzExMDUvfHRhcmdldDpfYmxhbmsifSwiMjUzMzFfaSI6eyJzaW5nbGVfbGluayI6InVybDpodHRwczovL3d3dy5qYW1rLmZpL2ZpL0tvdWx1dHVzL3x0YXJnZXQ6X2JsYW5rIn0sIjI1MzM0X2kiOnsic2luZ2xlX2xpbmsiOiJ1cmw6aHR0cHM6Ly90bXQua25lY3QzNjUuY29tL2FpLXN1bW1pdC1ob25nLWtvbmcvc3BlYWtlcnMvbWFya28ta2VzdGkvI2luaXRpYXRlX2FydGlmaWNpYWwtaW50ZWxsaWdlbmNlLW1lbnRvci1mb3ItaHVtYW4tY2FwaXRhbC1tYW5hZ2VtZW50fHRhcmdldDpfYmxhbmsifSwiMjUzMzdfaSI6eyJzaW5nbGVfbGluayI6InVybDpodHRwczovL3R0ay5maS98dGFyZ2V0Ol9ibGFuayJ9LCIyNTI5Ml9pIjp7InNpbmdsZV9saW5rIjoidXJsOmh0dHBzOi8vbXVob3MuZmkvfHRhcmdldDpfYmxhbmsifX0=&#8221; el_class=&#8221;logo-carousel&#8221;][\/vc_column][\/vc_row]<\/p>\n<\/div>","protected":false},"excerpt":{"rendered":"<p>[vc_row row_height_percent=&#8221;0&#8243; override_padding=&#8221;yes&#8221; h_padding=&#8221;2&#8243; top_padding=&#8221;4&#8243; bottom_padding=&#8221;4&#8243; overlay_alpha=&#8221;50&#8243; gutter_size=&#8221;3&#8243; column_width_percent=&#8221;100&#8243; shift_y=&#8221;0&#8243; z_index=&#8221;0&#8243; uncode_shortcode_id=&#8221;416040&#8243;][vc_column column_width_percent=&#8221;100&#8243; align_horizontal=&#8221;align_center&#8221; gutter_size=&#8221;3&#8243; overlay_alpha=&#8221;50&#8243; shift_x=&#8221;0&#8243; shift_y=&#8221;0&#8243; shift_y_down=&#8221;0&#8243; z_index=&#8221;0&#8243; [&hellip;]<\/p>\n","protected":false},"author":2,"featured_media":0,"parent":0,"menu_order":0,"comment_status":"closed","ping_status":"open","template":"","meta":{"footnotes":""},"class_list":["post-25997","page","type-page","status-publish","hentry"],"yoast_head":"<!-- This site is optimized with the Yoast SEO plugin v27.3 - https:\/\/yoast.com\/product\/yoast-seo-wordpress\/ -->\n<title>Etusivu | Leadermind<\/title>\n<meta name=\"description\" content=\"LeaderMind on maailman ensimm\u00e4inen hy\u00f6typeli yrityksen henkil\u00f6st\u00f6n ja tuottavuuden yht\u00e4aikaiseen kehitt\u00e4miseen. Kokeilet simulaatiossa erilaisia johtamisk\u00e4yt\u00e4nt\u00f6j\u00e4 ja n\u00e4et vaikutuksen euroina.\" \/>\n<meta name=\"robots\" content=\"index, follow, max-snippet:-1, max-image-preview:large, max-video-preview:-1\" \/>\n<link rel=\"canonical\" href=\"https:\/\/leadermind.fi\/fi\/\" \/>\n<meta property=\"og:locale\" content=\"fi_FI\" \/>\n<meta property=\"og:type\" content=\"article\" \/>\n<meta property=\"og:title\" content=\"Etusivu | Leadermind\" \/>\n<meta property=\"og:description\" content=\"LeaderMind on maailman ensimm\u00e4inen hy\u00f6typeli yrityksen henkil\u00f6st\u00f6n ja tuottavuuden yht\u00e4aikaiseen kehitt\u00e4miseen. Kokeilet simulaatiossa erilaisia johtamisk\u00e4yt\u00e4nt\u00f6j\u00e4 ja n\u00e4et vaikutuksen euroina.\" \/>\n<meta property=\"og:url\" content=\"https:\/\/leadermind.fi\/fi\/\" \/>\n<meta property=\"og:site_name\" content=\"Leadermind\" \/>\n<meta property=\"article:publisher\" content=\"https:\/\/www.facebook.com\/LeaderMind2020\/\" \/>\n<meta property=\"article:modified_time\" content=\"2023-12-18T14:03:18+00:00\" \/>\n<meta property=\"og:image\" content=\"https:\/\/leadermind.fi\/wp-content\/uploads\/2020\/06\/slider-img1.jpg\" \/>\n<meta name=\"twitter:card\" content=\"summary_large_image\" \/>\n<meta name=\"twitter:image\" content=\"https:\/\/leadermind.fi\/wp-content\/uploads\/2020\/06\/slider-img1.jpg\" \/>\n<meta name=\"twitter:label1\" content=\"Arvioitu lukuaika\" \/>\n\t<meta name=\"twitter:data1\" content=\"7 minuuttia\" \/>\n<script type=\"application\/ld+json\" class=\"yoast-schema-graph\">{\"@context\":\"https:\\\/\\\/schema.org\",\"@graph\":[{\"@type\":\"WebPage\",\"@id\":\"https:\\\/\\\/leadermind.fi\\\/fi\\\/\",\"url\":\"https:\\\/\\\/leadermind.fi\\\/fi\\\/\",\"name\":\"Etusivu | Leadermind\",\"isPartOf\":{\"@id\":\"https:\\\/\\\/leadermind-fi.hel9.wp-cloud.dev\\\/#website\"},\"datePublished\":\"2022-11-16T14:15:14+00:00\",\"dateModified\":\"2023-12-18T14:03:18+00:00\",\"description\":\"LeaderMind on maailman ensimm\u00e4inen hy\u00f6typeli yrityksen henkil\u00f6st\u00f6n ja tuottavuuden yht\u00e4aikaiseen kehitt\u00e4miseen. Kokeilet simulaatiossa erilaisia johtamisk\u00e4yt\u00e4nt\u00f6j\u00e4 ja n\u00e4et vaikutuksen euroina.\",\"breadcrumb\":{\"@id\":\"https:\\\/\\\/leadermind.fi\\\/fi\\\/#breadcrumb\"},\"inLanguage\":\"fi\",\"potentialAction\":[{\"@type\":\"ReadAction\",\"target\":[\"https:\\\/\\\/leadermind.fi\\\/fi\\\/\"]}]},{\"@type\":\"BreadcrumbList\",\"@id\":\"https:\\\/\\\/leadermind.fi\\\/fi\\\/#breadcrumb\",\"itemListElement\":[{\"@type\":\"ListItem\",\"position\":1,\"name\":\"Home\",\"item\":\"https:\\\/\\\/leadermind.fi\\\/fi\\\/etusivu\\\/\"},{\"@type\":\"ListItem\",\"position\":2,\"name\":\"Etusivu\"}]},{\"@type\":\"WebSite\",\"@id\":\"https:\\\/\\\/leadermind-fi.hel9.wp-cloud.dev\\\/#website\",\"url\":\"https:\\\/\\\/leadermind-fi.hel9.wp-cloud.dev\\\/\",\"name\":\"Leadermind\",\"description\":\"Productive Leadership Simulation\",\"publisher\":{\"@id\":\"https:\\\/\\\/leadermind-fi.hel9.wp-cloud.dev\\\/#organization\"},\"potentialAction\":[{\"@type\":\"SearchAction\",\"target\":{\"@type\":\"EntryPoint\",\"urlTemplate\":\"https:\\\/\\\/leadermind-fi.hel9.wp-cloud.dev\\\/?s={search_term_string}\"},\"query-input\":{\"@type\":\"PropertyValueSpecification\",\"valueRequired\":true,\"valueName\":\"search_term_string\"}}],\"inLanguage\":\"fi\"},{\"@type\":\"Organization\",\"@id\":\"https:\\\/\\\/leadermind-fi.hel9.wp-cloud.dev\\\/#organization\",\"name\":\"LeaderMind\",\"url\":\"https:\\\/\\\/leadermind-fi.hel9.wp-cloud.dev\\\/\",\"logo\":{\"@type\":\"ImageObject\",\"inLanguage\":\"fi\",\"@id\":\"https:\\\/\\\/leadermind-fi.hel9.wp-cloud.dev\\\/#\\\/schema\\\/logo\\\/image\\\/\",\"url\":\"https:\\\/\\\/leadermind.fi\\\/wp-content\\\/uploads\\\/2020\\\/06\\\/leadermind-logo.png\",\"contentUrl\":\"https:\\\/\\\/leadermind.fi\\\/wp-content\\\/uploads\\\/2020\\\/06\\\/leadermind-logo.png\",\"width\":1200,\"height\":298,\"caption\":\"LeaderMind\"},\"image\":{\"@id\":\"https:\\\/\\\/leadermind-fi.hel9.wp-cloud.dev\\\/#\\\/schema\\\/logo\\\/image\\\/\"},\"sameAs\":[\"https:\\\/\\\/www.facebook.com\\\/LeaderMind2020\\\/\"]}]}<\/script>\n<!-- \/ Yoast SEO plugin. -->","yoast_head_json":{"title":"Etusivu | Leadermind","description":"LeaderMind on maailman ensimm\u00e4inen hy\u00f6typeli yrityksen henkil\u00f6st\u00f6n ja tuottavuuden yht\u00e4aikaiseen kehitt\u00e4miseen. Kokeilet simulaatiossa erilaisia johtamisk\u00e4yt\u00e4nt\u00f6j\u00e4 ja n\u00e4et vaikutuksen euroina.","robots":{"index":"index","follow":"follow","max-snippet":"max-snippet:-1","max-image-preview":"max-image-preview:large","max-video-preview":"max-video-preview:-1"},"canonical":"https:\/\/leadermind.fi\/fi\/","og_locale":"fi_FI","og_type":"article","og_title":"Etusivu | Leadermind","og_description":"LeaderMind on maailman ensimm\u00e4inen hy\u00f6typeli yrityksen henkil\u00f6st\u00f6n ja tuottavuuden yht\u00e4aikaiseen kehitt\u00e4miseen. Kokeilet simulaatiossa erilaisia johtamisk\u00e4yt\u00e4nt\u00f6j\u00e4 ja n\u00e4et vaikutuksen euroina.","og_url":"https:\/\/leadermind.fi\/fi\/","og_site_name":"Leadermind","article_publisher":"https:\/\/www.facebook.com\/LeaderMind2020\/","article_modified_time":"2023-12-18T14:03:18+00:00","og_image":[{"url":"https:\/\/leadermind.fi\/wp-content\/uploads\/2020\/06\/slider-img1.jpg","type":"","width":"","height":""}],"twitter_card":"summary_large_image","twitter_image":"https:\/\/leadermind.fi\/wp-content\/uploads\/2020\/06\/slider-img1.jpg","twitter_misc":{"Arvioitu lukuaika":"7 minuuttia"},"schema":{"@context":"https:\/\/schema.org","@graph":[{"@type":"WebPage","@id":"https:\/\/leadermind.fi\/fi\/","url":"https:\/\/leadermind.fi\/fi\/","name":"Etusivu | Leadermind","isPartOf":{"@id":"https:\/\/leadermind-fi.hel9.wp-cloud.dev\/#website"},"datePublished":"2022-11-16T14:15:14+00:00","dateModified":"2023-12-18T14:03:18+00:00","description":"LeaderMind on maailman ensimm\u00e4inen hy\u00f6typeli yrityksen henkil\u00f6st\u00f6n ja tuottavuuden yht\u00e4aikaiseen kehitt\u00e4miseen. Kokeilet simulaatiossa erilaisia johtamisk\u00e4yt\u00e4nt\u00f6j\u00e4 ja n\u00e4et vaikutuksen euroina.","breadcrumb":{"@id":"https:\/\/leadermind.fi\/fi\/#breadcrumb"},"inLanguage":"fi","potentialAction":[{"@type":"ReadAction","target":["https:\/\/leadermind.fi\/fi\/"]}]},{"@type":"BreadcrumbList","@id":"https:\/\/leadermind.fi\/fi\/#breadcrumb","itemListElement":[{"@type":"ListItem","position":1,"name":"Home","item":"https:\/\/leadermind.fi\/fi\/etusivu\/"},{"@type":"ListItem","position":2,"name":"Etusivu"}]},{"@type":"WebSite","@id":"https:\/\/leadermind-fi.hel9.wp-cloud.dev\/#website","url":"https:\/\/leadermind-fi.hel9.wp-cloud.dev\/","name":"Leadermind","description":"Productive Leadership Simulation","publisher":{"@id":"https:\/\/leadermind-fi.hel9.wp-cloud.dev\/#organization"},"potentialAction":[{"@type":"SearchAction","target":{"@type":"EntryPoint","urlTemplate":"https:\/\/leadermind-fi.hel9.wp-cloud.dev\/?s={search_term_string}"},"query-input":{"@type":"PropertyValueSpecification","valueRequired":true,"valueName":"search_term_string"}}],"inLanguage":"fi"},{"@type":"Organization","@id":"https:\/\/leadermind-fi.hel9.wp-cloud.dev\/#organization","name":"LeaderMind","url":"https:\/\/leadermind-fi.hel9.wp-cloud.dev\/","logo":{"@type":"ImageObject","inLanguage":"fi","@id":"https:\/\/leadermind-fi.hel9.wp-cloud.dev\/#\/schema\/logo\/image\/","url":"https:\/\/leadermind.fi\/wp-content\/uploads\/2020\/06\/leadermind-logo.png","contentUrl":"https:\/\/leadermind.fi\/wp-content\/uploads\/2020\/06\/leadermind-logo.png","width":1200,"height":298,"caption":"LeaderMind"},"image":{"@id":"https:\/\/leadermind-fi.hel9.wp-cloud.dev\/#\/schema\/logo\/image\/"},"sameAs":["https:\/\/www.facebook.com\/LeaderMind2020\/"]}]}},"jetpack_sharing_enabled":true,"_links":{"self":[{"href":"https:\/\/leadermind.fi\/fi\/wp-json\/wp\/v2\/pages\/25997","targetHints":{"allow":["GET"]}}],"collection":[{"href":"https:\/\/leadermind.fi\/fi\/wp-json\/wp\/v2\/pages"}],"about":[{"href":"https:\/\/leadermind.fi\/fi\/wp-json\/wp\/v2\/types\/page"}],"author":[{"embeddable":true,"href":"https:\/\/leadermind.fi\/fi\/wp-json\/wp\/v2\/users\/2"}],"replies":[{"embeddable":true,"href":"https:\/\/leadermind.fi\/fi\/wp-json\/wp\/v2\/comments?post=25997"}],"version-history":[{"count":20,"href":"https:\/\/leadermind.fi\/fi\/wp-json\/wp\/v2\/pages\/25997\/revisions"}],"predecessor-version":[{"id":26296,"href":"https:\/\/leadermind.fi\/fi\/wp-json\/wp\/v2\/pages\/25997\/revisions\/26296"}],"wp:attachment":[{"href":"https:\/\/leadermind.fi\/fi\/wp-json\/wp\/v2\/media?parent=25997"}],"curies":[{"name":"wp","href":"https:\/\/api.w.org\/{rel}","templated":true}]}}