{"id":26016,"date":"2022-11-16T17:41:49","date_gmt":"2022-11-16T15:41:49","guid":{"rendered":"https:\/\/leadermind.fi\/leadermind\/"},"modified":"2022-11-18T15:41:28","modified_gmt":"2022-11-18T13:41:28","slug":"leadermind","status":"publish","type":"page","link":"https:\/\/leadermind.fi\/fi\/leadermind\/","title":{"rendered":"Leadermind"},"content":{"rendered":"<div class=\"wpb-content-wrapper\"><p>[vc_row row_height_percent=&#8221;0&#8243; override_padding=&#8221;yes&#8221; h_padding=&#8221;2&#8243; top_padding=&#8221;4&#8243; bottom_padding=&#8221;3&#8243; overlay_alpha=&#8221;50&#8243; gutter_size=&#8221;3&#8243; column_width_percent=&#8221;100&#8243; shift_y=&#8221;0&#8243; z_index=&#8221;0&#8243; uncode_shortcode_id=&#8221;146501&#8243;][vc_column column_width_percent=&#8221;100&#8243; align_horizontal=&#8221;align_center&#8221; gutter_size=&#8221;3&#8243; overlay_alpha=&#8221;50&#8243; shift_x=&#8221;0&#8243; shift_y=&#8221;0&#8243; shift_y_down=&#8221;0&#8243; z_index=&#8221;0&#8243; medium_width=&#8221;0&#8243; mobile_width=&#8221;0&#8243; width=&#8221;1\/1&#8243; uncode_shortcode_id=&#8221;208867&#8243;][vc_custom_heading text_size=&#8221;h1&#8243; css_animation=&#8221;zoom-in&#8221; animation_speed=&#8221;1000&#8243; uncode_shortcode_id=&#8221;117267&#8243; el_class=&#8221;header-body&#8221;]Me teemme tulevaisuuden johtajia[\/vc_custom_heading][vc_separator sep_color=&#8221;accent&#8221; css_animation=&#8221;zoom-in&#8221; animation_speed=&#8221;1000&#8243; uncode_shortcode_id=&#8221;293839&#8243; sep_color_type=&#8221;uncode-palette&#8221; el_width=&#8221;15%&#8221; el_height=&#8221;1px&#8221;][vc_row_inner][vc_column_inner width=&#8221;1\/2&#8243;][vc_column_text css_animation=&#8221;alpha-anim&#8221; animation_speed=&#8221;1000&#8243; uncode_shortcode_id=&#8221;106319&#8243;]Johtaminen on er\u00e4s t\u00e4rkeimmist\u00e4 kilpailuedun l\u00e4hteist\u00e4 organisaatiolle. Samanaikaisesti johtaminen on eritt\u00e4in haastavaa, koska se koskettaa kaikkea ihmisen tunteista liiketoiminnan kehitt\u00e4miseen. Johtamista voidaan opiskella kirjojen ja luentojen kautta, mutta oppiminen tapahtuu tehokkaimmin vain k\u00e4yt\u00e4nn\u00f6ss\u00e4. Johtaminen vaatii kokemusta, johtamisk\u00e4yt\u00e4nteill\u00e4 muotouttamista sek\u00e4 syy-seuraussuhteiden ymm\u00e4rt\u00e4mist\u00e4.   <\/p>\n<p>Teko\u00e4lypohjaisessa simulaatiokoulutuksessa voit kehitt\u00e4\u00e4 johtamistasi nykyp\u00e4iv\u00e4n haasteita vastaavaksi. Pelillisyys innostaa oppimaan ja kehitt\u00e4m\u00e4\u00e4n kest\u00e4v\u00e4\u00e4 johtamisosaamista.[\/vc_column_text][\/vc_column_inner][vc_column_inner width=&#8221;1\/2&#8243;][vc_single_image media=&#8221;25041&#8243; media_width_percent=&#8221;100&#8243; alignment=&#8221;center&#8221; shadow=&#8221;yes&#8221; shadow_weight=&#8221;sm&#8221; css_animation=&#8221;bottom-t-top&#8221; animation_speed=&#8221;1000&#8243; animation_delay=&#8221;200&#8243; uncode_shortcode_id=&#8221;739820&#8243;][\/vc_column_inner][\/vc_row_inner][vc_row_inner row_inner_height_percent=&#8221;0&#8243; overlay_alpha=&#8221;50&#8243; gutter_size=&#8221;3&#8243; shift_y=&#8221;0&#8243; z_index=&#8221;0&#8243; uncode_shortcode_id=&#8221;684275&#8243; css=&#8221;.vc_custom_1648652399273{margin-top: 64px !important;}&#8221;][vc_column_inner width=&#8221;1\/2&#8243;][vc_custom_heading heading_semantic=&#8221;p&#8221; text_size=&#8221;h4&#8243; text_weight=&#8221;400&#8243; css_animation=&#8221;alpha-anim&#8221; animation_speed=&#8221;1000&#8243; uncode_shortcode_id=&#8221;212375&#8243; el_class=&#8221;p-border&#8221;]LeaderMind-simulointiohjelmisto[\/vc_custom_heading][vc_custom_heading heading_semantic=&#8221;p&#8221; text_size=&#8221;h4&#8243; text_weight=&#8221;400&#8243; css_animation=&#8221;alpha-anim&#8221; animation_speed=&#8221;1000&#8243; uncode_shortcode_id=&#8221;180785&#8243; el_class=&#8221;p-border&#8221;]eLearning-materiaalit[\/vc_custom_heading][\/vc_column_inner][vc_column_inner width=&#8221;1\/2&#8243;][vc_custom_heading heading_semantic=&#8221;p&#8221; text_size=&#8221;h4&#8243; text_weight=&#8221;400&#8243; css_animation=&#8221;alpha-anim&#8221; animation_speed=&#8221;1000&#8243; uncode_shortcode_id=&#8221;130942&#8243; el_class=&#8221;p-border&#8221;]32 parasta vuorovaikutusjohtamisen k\u00e4yt\u00e4nt\u00f6\u00e4[\/vc_custom_heading][vc_custom_heading heading_semantic=&#8221;p&#8221; text_size=&#8221;h4&#8243; text_weight=&#8221;400&#8243; css_animation=&#8221;alpha-anim&#8221; animation_speed=&#8221;1000&#8243; uncode_shortcode_id=&#8221;110523&#8243; el_class=&#8221;p-border&#8221;]Johtamisen kyvykkyystestit[\/vc_custom_heading][\/vc_column_inner][\/vc_row_inner][\/vc_column][\/vc_row][vc_row row_height_percent=&#8221;0&#8243; override_padding=&#8221;yes&#8221; h_padding=&#8221;2&#8243; top_padding=&#8221;2&#8243; bottom_padding=&#8221;4&#8243; overlay_alpha=&#8221;50&#8243; gutter_size=&#8221;3&#8243; column_width_percent=&#8221;100&#8243; shift_y=&#8221;0&#8243; z_index=&#8221;0&#8243; uncode_shortcode_id=&#8221;104879&#8243;][vc_column column_width_percent=&#8221;100&#8243; align_horizontal=&#8221;align_center&#8221; gutter_size=&#8221;3&#8243; overlay_alpha=&#8221;50&#8243; shift_x=&#8221;0&#8243; shift_y=&#8221;0&#8243; shift_y_down=&#8221;0&#8243; z_index=&#8221;0&#8243; medium_width=&#8221;0&#8243; mobile_width=&#8221;0&#8243; width=&#8221;1\/1&#8243; uncode_shortcode_id=&#8221;702006&#8243;][vc_custom_heading text_size=&#8221;h1&#8243; css_animation=&#8221;zoom-in&#8221; animation_speed=&#8221;1000&#8243; uncode_shortcode_id=&#8221;167931&#8243; el_class=&#8221;header-body&#8221;]Kuinka se toimii?[\/vc_custom_heading][vc_separator sep_color=&#8221;accent&#8221; css_animation=&#8221;zoom-in&#8221; animation_speed=&#8221;1000&#8243; uncode_shortcode_id=&#8221;293839&#8243; sep_color_type=&#8221;uncode-palette&#8221; el_width=&#8221;15%&#8221; el_height=&#8221;1px&#8221;][vc_row_inner row_inner_height_percent=&#8221;0&#8243; overlay_alpha=&#8221;50&#8243; gutter_size=&#8221;3&#8243; shift_y=&#8221;0&#8243; z_index=&#8221;0&#8243; uncode_shortcode_id=&#8221;160282&#8243;][vc_column_inner column_width_percent=&#8221;100&#8243; gutter_size=&#8221;3&#8243; overlay_alpha=&#8221;50&#8243; shift_x=&#8221;0&#8243; shift_y=&#8221;0&#8243; shift_y_down=&#8221;0&#8243; z_index=&#8221;0&#8243; medium_width=&#8221;0&#8243; mobile_width=&#8221;0&#8243; width=&#8221;1\/2&#8243; uncode_shortcode_id=&#8221;383473&#8243;][vc_column_text css_animation=&#8221;alpha-anim&#8221; animation_speed=&#8221;1000&#8243; uncode_shortcode_id=&#8221;669677&#8243;]Leadermind perustuu vankkaan tieteelliseen tutkimukseen. Leadermind simuloi johtamisen vaikutusta henkil\u00f6st\u00f6n suorituskykyyn ja tuottavuuteen. Leadermindissa on 30 eri liiketoiminta-alan simulointimahdollisuus.  <\/p>\n<p>Peli pisteytt\u00e4\u00e4 suorituskyky\u00e4si, pit\u00e4\u00e4 yksityiskohtaista kirjaa tuloksistasi ja toimii hyvien johtamisk\u00e4yt\u00e4nteiden k\u00e4sikirjana. Jopa pieni QWL-parannus tarkoittaa tuhansien eurojen hy\u00f6ty\u00e4 ilman kustannuksien leikkaamista. Peliss\u00e4 esitetty QWL-hy\u00f6ty tavallaan m\u00e4\u00e4ritt\u00e4\u00e4 Sinun johtamisen euroarvon. Muuttamalla johtamisen asenteita ja oppimalla hallitsemaan inhimillist\u00e4 p\u00e4\u00e4omaa organisaatiosi voi saavuttaa kest\u00e4v\u00e4n kilpailuedun.[\/vc_column_text][vc_button button_color=&#8221;accent&#8221; hover_fx=&#8221;full-colored&#8221; border_width=&#8221;0&#8243; css_animation=&#8221;bottom-t-top&#8221; animation_speed=&#8221;1000&#8243; link=&#8221;url:https%3A%2F%2Fleadermind.fi%2Ffi%2Fjohtamisen-peliteoria%2F|title:Leadermind|&#8221; uncode_shortcode_id=&#8221;954677&#8243; button_color_type=&#8221;uncode-palette&#8221;]Lue lis\u00e4\u00e4[\/vc_button][\/vc_column_inner][vc_column_inner column_width_percent=&#8221;100&#8243; position_vertical=&#8221;middle&#8221; gutter_size=&#8221;3&#8243; overlay_alpha=&#8221;50&#8243; shift_x=&#8221;0&#8243; shift_y=&#8221;0&#8243; shift_y_down=&#8221;0&#8243; z_index=&#8221;0&#8243; medium_width=&#8221;0&#8243; mobile_width=&#8221;0&#8243; width=&#8221;1\/2&#8243; uncode_shortcode_id=&#8221;607848&#8243;][vc_single_image media=&#8221;25194&#8243; media_width_percent=&#8221;100&#8243; alignment=&#8221;center&#8221; shadow=&#8221;yes&#8221; shadow_weight=&#8221;sm&#8221; css_animation=&#8221;bottom-t-top&#8221; animation_speed=&#8221;1000&#8243; animation_delay=&#8221;200&#8243; uncode_shortcode_id=&#8221;220190&#8243;][\/vc_column_inner][\/vc_row_inner][\/vc_column][\/vc_row]<\/p>\n<\/div>","protected":false},"excerpt":{"rendered":"<p>[vc_row row_height_percent=&#8221;0&#8243; override_padding=&#8221;yes&#8221; h_padding=&#8221;2&#8243; top_padding=&#8221;4&#8243; bottom_padding=&#8221;3&#8243; overlay_alpha=&#8221;50&#8243; gutter_size=&#8221;3&#8243; column_width_percent=&#8221;100&#8243; shift_y=&#8221;0&#8243; z_index=&#8221;0&#8243; uncode_shortcode_id=&#8221;146501&#8243;][vc_column column_width_percent=&#8221;100&#8243; align_horizontal=&#8221;align_center&#8221; gutter_size=&#8221;3&#8243; overlay_alpha=&#8221;50&#8243; shift_x=&#8221;0&#8243; shift_y=&#8221;0&#8243; shift_y_down=&#8221;0&#8243; z_index=&#8221;0&#8243; [&hellip;]<\/p>\n","protected":false},"author":2,"featured_media":25206,"parent":0,"menu_order":0,"comment_status":"closed","ping_status":"closed","template":"","meta":{"footnotes":""},"class_list":["post-26016","page","type-page","status-publish","has-post-thumbnail","hentry"],"yoast_head":"<!-- This site is optimized with the Yoast SEO plugin v27.3 - https:\/\/yoast.com\/product\/yoast-seo-wordpress\/ -->\n<title>Leadermind | Leadermind<\/title>\n<meta name=\"description\" content=\"Johtaminen on er\u00e4s t\u00e4rkeimmist\u00e4 kilpailuedun l\u00e4hteist\u00e4 organisaatiolle. Johtamista voidaan opiskella kirjojen ja luentojen kautta, mutta oppiminen tapahtuu tehokkaimmin vain k\u00e4yt\u00e4nn\u00f6ss\u00e4. Johtaminen vaatii kokemusta, johtamisk\u00e4yt\u00e4nteill\u00e4 muotouttamista sek\u00e4 syy-seuraussuhteiden ymm\u00e4rt\u00e4mist\u00e4.\" \/>\n<meta name=\"robots\" content=\"index, follow, max-snippet:-1, max-image-preview:large, max-video-preview:-1\" \/>\n<link rel=\"canonical\" href=\"https:\/\/leadermind.fi\/fi\/leadermind\/\" \/>\n<meta property=\"og:locale\" content=\"fi_FI\" \/>\n<meta property=\"og:type\" content=\"article\" \/>\n<meta property=\"og:title\" content=\"Leadermind | Leadermind\" \/>\n<meta property=\"og:description\" content=\"Johtaminen on er\u00e4s t\u00e4rkeimmist\u00e4 kilpailuedun l\u00e4hteist\u00e4 organisaatiolle. Johtamista voidaan opiskella kirjojen ja luentojen kautta, mutta oppiminen tapahtuu tehokkaimmin vain k\u00e4yt\u00e4nn\u00f6ss\u00e4. Johtaminen vaatii kokemusta, johtamisk\u00e4yt\u00e4nteill\u00e4 muotouttamista sek\u00e4 syy-seuraussuhteiden ymm\u00e4rt\u00e4mist\u00e4.\" \/>\n<meta property=\"og:url\" content=\"https:\/\/leadermind.fi\/fi\/leadermind\/\" \/>\n<meta property=\"og:site_name\" content=\"Leadermind\" \/>\n<meta property=\"article:publisher\" content=\"https:\/\/www.facebook.com\/LeaderMind2020\/\" \/>\n<meta property=\"article:modified_time\" content=\"2022-11-18T13:41:28+00:00\" \/>\n<meta property=\"og:image\" content=\"https:\/\/leadermind-fi.hel9.wp-cloud.dev\/wp-content\/uploads\/2020\/06\/Leadermind-header.jpg\" \/>\n\t<meta property=\"og:image:width\" content=\"2026\" \/>\n\t<meta property=\"og:image:height\" content=\"1080\" \/>\n\t<meta property=\"og:image:type\" content=\"image\/jpeg\" \/>\n<meta name=\"twitter:card\" content=\"summary_large_image\" \/>\n<meta name=\"twitter:label1\" content=\"Arvioitu lukuaika\" \/>\n\t<meta name=\"twitter:data1\" content=\"4 minuuttia\" \/>\n<script type=\"application\/ld+json\" class=\"yoast-schema-graph\">{\"@context\":\"https:\\\/\\\/schema.org\",\"@graph\":[{\"@type\":\"WebPage\",\"@id\":\"https:\\\/\\\/leadermind.fi\\\/fi\\\/leadermind\\\/\",\"url\":\"https:\\\/\\\/leadermind.fi\\\/fi\\\/leadermind\\\/\",\"name\":\"Leadermind | Leadermind\",\"isPartOf\":{\"@id\":\"https:\\\/\\\/leadermind-fi.hel9.wp-cloud.dev\\\/#website\"},\"primaryImageOfPage\":{\"@id\":\"https:\\\/\\\/leadermind.fi\\\/fi\\\/leadermind\\\/#primaryimage\"},\"image\":{\"@id\":\"https:\\\/\\\/leadermind.fi\\\/fi\\\/leadermind\\\/#primaryimage\"},\"thumbnailUrl\":\"https:\\\/\\\/leadermind.fi\\\/wp-content\\\/uploads\\\/2020\\\/06\\\/Leadermind-header.jpg\",\"datePublished\":\"2022-11-16T15:41:49+00:00\",\"dateModified\":\"2022-11-18T13:41:28+00:00\",\"description\":\"Johtaminen on er\u00e4s t\u00e4rkeimmist\u00e4 kilpailuedun l\u00e4hteist\u00e4 organisaatiolle. Johtamista voidaan opiskella kirjojen ja luentojen kautta, mutta oppiminen tapahtuu tehokkaimmin vain k\u00e4yt\u00e4nn\u00f6ss\u00e4. Johtaminen vaatii kokemusta, johtamisk\u00e4yt\u00e4nteill\u00e4 muotouttamista sek\u00e4 syy-seuraussuhteiden ymm\u00e4rt\u00e4mist\u00e4.\",\"breadcrumb\":{\"@id\":\"https:\\\/\\\/leadermind.fi\\\/fi\\\/leadermind\\\/#breadcrumb\"},\"inLanguage\":\"fi\",\"potentialAction\":[{\"@type\":\"ReadAction\",\"target\":[\"https:\\\/\\\/leadermind.fi\\\/fi\\\/leadermind\\\/\"]}]},{\"@type\":\"ImageObject\",\"inLanguage\":\"fi\",\"@id\":\"https:\\\/\\\/leadermind.fi\\\/fi\\\/leadermind\\\/#primaryimage\",\"url\":\"https:\\\/\\\/leadermind.fi\\\/wp-content\\\/uploads\\\/2020\\\/06\\\/Leadermind-header.jpg\",\"contentUrl\":\"https:\\\/\\\/leadermind.fi\\\/wp-content\\\/uploads\\\/2020\\\/06\\\/Leadermind-header.jpg\",\"width\":2026,\"height\":1080},{\"@type\":\"BreadcrumbList\",\"@id\":\"https:\\\/\\\/leadermind.fi\\\/fi\\\/leadermind\\\/#breadcrumb\",\"itemListElement\":[{\"@type\":\"ListItem\",\"position\":1,\"name\":\"Home\",\"item\":\"https:\\\/\\\/leadermind.fi\\\/fi\\\/etusivu\\\/\"},{\"@type\":\"ListItem\",\"position\":2,\"name\":\"Leadermind\"}]},{\"@type\":\"WebSite\",\"@id\":\"https:\\\/\\\/leadermind-fi.hel9.wp-cloud.dev\\\/#website\",\"url\":\"https:\\\/\\\/leadermind-fi.hel9.wp-cloud.dev\\\/\",\"name\":\"Leadermind\",\"description\":\"Productive Leadership Simulation\",\"publisher\":{\"@id\":\"https:\\\/\\\/leadermind-fi.hel9.wp-cloud.dev\\\/#organization\"},\"potentialAction\":[{\"@type\":\"SearchAction\",\"target\":{\"@type\":\"EntryPoint\",\"urlTemplate\":\"https:\\\/\\\/leadermind-fi.hel9.wp-cloud.dev\\\/?s={search_term_string}\"},\"query-input\":{\"@type\":\"PropertyValueSpecification\",\"valueRequired\":true,\"valueName\":\"search_term_string\"}}],\"inLanguage\":\"fi\"},{\"@type\":\"Organization\",\"@id\":\"https:\\\/\\\/leadermind-fi.hel9.wp-cloud.dev\\\/#organization\",\"name\":\"LeaderMind\",\"url\":\"https:\\\/\\\/leadermind-fi.hel9.wp-cloud.dev\\\/\",\"logo\":{\"@type\":\"ImageObject\",\"inLanguage\":\"fi\",\"@id\":\"https:\\\/\\\/leadermind-fi.hel9.wp-cloud.dev\\\/#\\\/schema\\\/logo\\\/image\\\/\",\"url\":\"https:\\\/\\\/leadermind.fi\\\/wp-content\\\/uploads\\\/2020\\\/06\\\/leadermind-logo.png\",\"contentUrl\":\"https:\\\/\\\/leadermind.fi\\\/wp-content\\\/uploads\\\/2020\\\/06\\\/leadermind-logo.png\",\"width\":1200,\"height\":298,\"caption\":\"LeaderMind\"},\"image\":{\"@id\":\"https:\\\/\\\/leadermind-fi.hel9.wp-cloud.dev\\\/#\\\/schema\\\/logo\\\/image\\\/\"},\"sameAs\":[\"https:\\\/\\\/www.facebook.com\\\/LeaderMind2020\\\/\"]}]}<\/script>\n<!-- \/ Yoast SEO plugin. -->","yoast_head_json":{"title":"Leadermind | Leadermind","description":"Johtaminen on er\u00e4s t\u00e4rkeimmist\u00e4 kilpailuedun l\u00e4hteist\u00e4 organisaatiolle. Johtamista voidaan opiskella kirjojen ja luentojen kautta, mutta oppiminen tapahtuu tehokkaimmin vain k\u00e4yt\u00e4nn\u00f6ss\u00e4. Johtaminen vaatii kokemusta, johtamisk\u00e4yt\u00e4nteill\u00e4 muotouttamista sek\u00e4 syy-seuraussuhteiden ymm\u00e4rt\u00e4mist\u00e4.","robots":{"index":"index","follow":"follow","max-snippet":"max-snippet:-1","max-image-preview":"max-image-preview:large","max-video-preview":"max-video-preview:-1"},"canonical":"https:\/\/leadermind.fi\/fi\/leadermind\/","og_locale":"fi_FI","og_type":"article","og_title":"Leadermind | Leadermind","og_description":"Johtaminen on er\u00e4s t\u00e4rkeimmist\u00e4 kilpailuedun l\u00e4hteist\u00e4 organisaatiolle. Johtamista voidaan opiskella kirjojen ja luentojen kautta, mutta oppiminen tapahtuu tehokkaimmin vain k\u00e4yt\u00e4nn\u00f6ss\u00e4. Johtaminen vaatii kokemusta, johtamisk\u00e4yt\u00e4nteill\u00e4 muotouttamista sek\u00e4 syy-seuraussuhteiden ymm\u00e4rt\u00e4mist\u00e4.","og_url":"https:\/\/leadermind.fi\/fi\/leadermind\/","og_site_name":"Leadermind","article_publisher":"https:\/\/www.facebook.com\/LeaderMind2020\/","article_modified_time":"2022-11-18T13:41:28+00:00","og_image":[{"width":2026,"height":1080,"url":"https:\/\/leadermind-fi.hel9.wp-cloud.dev\/wp-content\/uploads\/2020\/06\/Leadermind-header.jpg","type":"image\/jpeg"}],"twitter_card":"summary_large_image","twitter_misc":{"Arvioitu lukuaika":"4 minuuttia"},"schema":{"@context":"https:\/\/schema.org","@graph":[{"@type":"WebPage","@id":"https:\/\/leadermind.fi\/fi\/leadermind\/","url":"https:\/\/leadermind.fi\/fi\/leadermind\/","name":"Leadermind | Leadermind","isPartOf":{"@id":"https:\/\/leadermind-fi.hel9.wp-cloud.dev\/#website"},"primaryImageOfPage":{"@id":"https:\/\/leadermind.fi\/fi\/leadermind\/#primaryimage"},"image":{"@id":"https:\/\/leadermind.fi\/fi\/leadermind\/#primaryimage"},"thumbnailUrl":"https:\/\/leadermind.fi\/wp-content\/uploads\/2020\/06\/Leadermind-header.jpg","datePublished":"2022-11-16T15:41:49+00:00","dateModified":"2022-11-18T13:41:28+00:00","description":"Johtaminen on er\u00e4s t\u00e4rkeimmist\u00e4 kilpailuedun l\u00e4hteist\u00e4 organisaatiolle. Johtamista voidaan opiskella kirjojen ja luentojen kautta, mutta oppiminen tapahtuu tehokkaimmin vain k\u00e4yt\u00e4nn\u00f6ss\u00e4. Johtaminen vaatii kokemusta, johtamisk\u00e4yt\u00e4nteill\u00e4 muotouttamista sek\u00e4 syy-seuraussuhteiden ymm\u00e4rt\u00e4mist\u00e4.","breadcrumb":{"@id":"https:\/\/leadermind.fi\/fi\/leadermind\/#breadcrumb"},"inLanguage":"fi","potentialAction":[{"@type":"ReadAction","target":["https:\/\/leadermind.fi\/fi\/leadermind\/"]}]},{"@type":"ImageObject","inLanguage":"fi","@id":"https:\/\/leadermind.fi\/fi\/leadermind\/#primaryimage","url":"https:\/\/leadermind.fi\/wp-content\/uploads\/2020\/06\/Leadermind-header.jpg","contentUrl":"https:\/\/leadermind.fi\/wp-content\/uploads\/2020\/06\/Leadermind-header.jpg","width":2026,"height":1080},{"@type":"BreadcrumbList","@id":"https:\/\/leadermind.fi\/fi\/leadermind\/#breadcrumb","itemListElement":[{"@type":"ListItem","position":1,"name":"Home","item":"https:\/\/leadermind.fi\/fi\/etusivu\/"},{"@type":"ListItem","position":2,"name":"Leadermind"}]},{"@type":"WebSite","@id":"https:\/\/leadermind-fi.hel9.wp-cloud.dev\/#website","url":"https:\/\/leadermind-fi.hel9.wp-cloud.dev\/","name":"Leadermind","description":"Productive Leadership Simulation","publisher":{"@id":"https:\/\/leadermind-fi.hel9.wp-cloud.dev\/#organization"},"potentialAction":[{"@type":"SearchAction","target":{"@type":"EntryPoint","urlTemplate":"https:\/\/leadermind-fi.hel9.wp-cloud.dev\/?s={search_term_string}"},"query-input":{"@type":"PropertyValueSpecification","valueRequired":true,"valueName":"search_term_string"}}],"inLanguage":"fi"},{"@type":"Organization","@id":"https:\/\/leadermind-fi.hel9.wp-cloud.dev\/#organization","name":"LeaderMind","url":"https:\/\/leadermind-fi.hel9.wp-cloud.dev\/","logo":{"@type":"ImageObject","inLanguage":"fi","@id":"https:\/\/leadermind-fi.hel9.wp-cloud.dev\/#\/schema\/logo\/image\/","url":"https:\/\/leadermind.fi\/wp-content\/uploads\/2020\/06\/leadermind-logo.png","contentUrl":"https:\/\/leadermind.fi\/wp-content\/uploads\/2020\/06\/leadermind-logo.png","width":1200,"height":298,"caption":"LeaderMind"},"image":{"@id":"https:\/\/leadermind-fi.hel9.wp-cloud.dev\/#\/schema\/logo\/image\/"},"sameAs":["https:\/\/www.facebook.com\/LeaderMind2020\/"]}]}},"jetpack_sharing_enabled":true,"_links":{"self":[{"href":"https:\/\/leadermind.fi\/fi\/wp-json\/wp\/v2\/pages\/26016","targetHints":{"allow":["GET"]}}],"collection":[{"href":"https:\/\/leadermind.fi\/fi\/wp-json\/wp\/v2\/pages"}],"about":[{"href":"https:\/\/leadermind.fi\/fi\/wp-json\/wp\/v2\/types\/page"}],"author":[{"embeddable":true,"href":"https:\/\/leadermind.fi\/fi\/wp-json\/wp\/v2\/users\/2"}],"replies":[{"embeddable":true,"href":"https:\/\/leadermind.fi\/fi\/wp-json\/wp\/v2\/comments?post=26016"}],"version-history":[{"count":5,"href":"https:\/\/leadermind.fi\/fi\/wp-json\/wp\/v2\/pages\/26016\/revisions"}],"predecessor-version":[{"id":26073,"href":"https:\/\/leadermind.fi\/fi\/wp-json\/wp\/v2\/pages\/26016\/revisions\/26073"}],"wp:featuredmedia":[{"embeddable":true,"href":"https:\/\/leadermind.fi\/fi\/wp-json\/wp\/v2\/media\/25206"}],"wp:attachment":[{"href":"https:\/\/leadermind.fi\/fi\/wp-json\/wp\/v2\/media?parent=26016"}],"curies":[{"name":"wp","href":"https:\/\/api.w.org\/{rel}","templated":true}]}}