{"id":26028,"date":"2022-11-16T18:15:06","date_gmt":"2022-11-16T16:15:06","guid":{"rendered":"https:\/\/leadermind.fi\/referenssit\/"},"modified":"2022-11-16T18:16:54","modified_gmt":"2022-11-16T16:16:54","slug":"referenssit","status":"publish","type":"page","link":"https:\/\/leadermind.fi\/fi\/referenssit\/","title":{"rendered":"Referenssit"},"content":{"rendered":"<div class=\"wpb-content-wrapper\"><p>[vc_row row_height_percent=&#8221;0&#8243; overlay_alpha=&#8221;50&#8243; gutter_size=&#8221;4&#8243; column_width_percent=&#8221;100&#8243; shift_y=&#8221;0&#8243; z_index=&#8221;0&#8243; uncode_shortcode_id=&#8221;164787&#8243;][vc_column column_width_percent=&#8221;100&#8243; gutter_size=&#8221;3&#8243; overlay_alpha=&#8221;50&#8243; shift_x=&#8221;0&#8243; shift_y=&#8221;0&#8243; shift_y_down=&#8221;0&#8243; z_index=&#8221;0&#8243; medium_width=&#8221;0&#8243; mobile_width=&#8221;0&#8243; width=&#8221;1\/2&#8243; uncode_shortcode_id=&#8221;187714&#8243;][vc_icon icon_image=&#8221;25309&#8243; heading_semantic=&#8221;h2&#8243; linked_title=&#8221;yes&#8221; css_animation=&#8221;bottom-t-top&#8221; animation_speed=&#8221;1000&#8243; uncode_shortcode_id=&#8221;875939&#8243; title=&#8221;Kainuu sote&#8221; link=&#8221;url:https%3A%2F%2Fsote.kainuu.fi%2Ftiedosta-tyohyvinvointia-ja-tuottavuutta|target:_blank&#8221;]Kainuun sote organisaatio on valinnut teko\u00e4lyavusteisen simulaatiopelin esimiesten kehitt\u00e4miseen. Valinta toteutettiin avoimen kilpailutuksen kautta.[\/vc_icon][\/vc_column][vc_column width=&#8221;1\/2&#8243;][vc_icon icon_image=&#8221;25310&#8243; heading_semantic=&#8221;h2&#8243; linked_title=&#8221;yes&#8221; css_animation=&#8221;bottom-t-top&#8221; animation_speed=&#8221;1000&#8243; uncode_shortcode_id=&#8221;101300&#8243; title=&#8221;Best-Hall Oy&#8221; link=&#8221;url:https%3A%2F%2Fmarkokesti.files.wordpress.com%2F2019%2F12%2Fpg_best_hall.mp4|target:_blank&#8221;]Esimiehille suunnatulla teko\u00e4lyavusteisella simulaatio-opetuksella on saatu hyv\u00e4\u00e4 vaikuttavuutta henkil\u00f6st\u00f6kehitt\u00e4miseen Best-Hall yrityksess\u00e4.<\/p>\n<p>[\/vc_icon][\/vc_column][\/vc_row][vc_row row_height_percent=&#8221;0&#8243; overlay_alpha=&#8221;50&#8243; gutter_size=&#8221;4&#8243; column_width_percent=&#8221;100&#8243; shift_y=&#8221;0&#8243; z_index=&#8221;0&#8243; uncode_shortcode_id=&#8221;169975&#8243; shape_dividers=&#8221;&#8221;][vc_column column_width_percent=&#8221;100&#8243; gutter_size=&#8221;3&#8243; overlay_alpha=&#8221;50&#8243; shift_x=&#8221;0&#8243; shift_y=&#8221;0&#8243; shift_y_down=&#8221;0&#8243; z_index=&#8221;0&#8243; medium_width=&#8221;0&#8243; mobile_width=&#8221;0&#8243; width=&#8221;1\/2&#8243; uncode_shortcode_id=&#8221;130654&#8243;][vc_icon icon_image=&#8221;25306&#8243; heading_semantic=&#8221;h2&#8243; linked_title=&#8221;yes&#8221; css_animation=&#8221;bottom-t-top&#8221; animation_speed=&#8221;1000&#8243; uncode_shortcode_id=&#8221;106104&#8243; title=&#8221;LAB, LAB University of Applied Sciences&#8221; link=&#8221;url:https%3A%2F%2Flab.fi%2Ffi%2Fprojekti%2Fhentu|target:_blank&#8221;]Ammattikorkeakoulu LAB k\u00e4ytt\u00e4\u00e4 simulaatio-opetusta alueen yritysten esimiestaitojen kehitt\u00e4miseen HENTU-hankkeessa (HENTU = henkil\u00f6st\u00f6tuottavuuden kehitt\u00e4mishanke).<\/p>\n<p>[\/vc_icon][\/vc_column][vc_column width=&#8221;1\/2&#8243;][vc_icon icon_image=&#8221;25328&#8243; heading_semantic=&#8221;h2&#8243; linked_title=&#8221;yes&#8221; css_animation=&#8221;bottom-t-top&#8221; animation_speed=&#8221;1000&#8243; uncode_shortcode_id=&#8221;141260&#8243; title=&#8221;XAMK&#8221; link=&#8221;url:https%3A%2F%2Fwww.xamk.fi%2Ftutkimus-ja-kehitys%2Fveke-vetovoimaa-ja-kestavaa-tuottavuutta-etela-savon-yrityksiin%2F|target:_blank&#8221;]Kilpailutuksen my\u00f6t\u00e4 on simulaatio-opetuspeli valittu hy\u00f6dynnett\u00e4v\u00e4ksi p\u00e4iv\u00e4kotijohtajien johtamisosaamisen kehitt\u00e4miseen.<\/p>\n<p>[\/vc_icon][\/vc_column][\/vc_row][vc_row row_height_percent=&#8221;0&#8243; overlay_alpha=&#8221;50&#8243; gutter_size=&#8221;4&#8243; column_width_percent=&#8221;100&#8243; shift_y=&#8221;0&#8243; z_index=&#8221;0&#8243; uncode_shortcode_id=&#8221;171452&#8243;][vc_column width=&#8221;1\/2&#8243;][vc_icon icon_image=&#8221;25319&#8243; heading_semantic=&#8221;h2&#8243; linked_title=&#8221;yes&#8221; css_animation=&#8221;bottom-t-top&#8221; animation_speed=&#8221;1000&#8243; uncode_shortcode_id=&#8221;105124&#8243; title=&#8221;Oulun yliopisto ja Lapin yliopisto&#8221; link=&#8221;url:https%3A%2F%2Fwww.ppkyo.fi%2Ffi%2Fvuorovaikutussuhteet-5-op-ly-orjo1105%2F|target:_blank&#8221;]Oulun yliopiston ja Lapin yliopiston opetuksessa on usean vuoden ajan k\u00e4ytetty teko\u00e4lyavusteista simulaatio-opetusta. Opetuspeli\u00e4 hy\u00f6dynnet\u00e4\u00e4n organisaatiopsykologian, ty\u00f6hyvinvointijohtamisen sek\u00e4 vuorovaikutusjohtamisen opetuksessa. Vuorovaikutussuhteet-kurssissa simulaatiopelill\u00e4 toteutettavan harjoitusty\u00f6n osuus on 2.5 opintopistett\u00e4.<\/p>\n<p>[\/vc_icon][\/vc_column][vc_column width=&#8221;1\/2&#8243;][vc_icon icon_image=&#8221;25331&#8243; heading_semantic=&#8221;h2&#8243; linked_title=&#8221;yes&#8221; css_animation=&#8221;bottom-t-top&#8221; animation_speed=&#8221;1000&#8243; uncode_shortcode_id=&#8221;114699&#8243; title=&#8221;Jyv\u00e4skyl\u00e4n ammattikorkeakoulu, JAMK&#8221; link=&#8221;url:https%3A%2F%2Fwww.jamk.fi%2Ffi%2FKoulutus%2F|target:_blank&#8221;]Jyv\u00e4skyl\u00e4n ammattikorkeakoulussa on jo usean vuoden ajan k\u00e4ytetty johtamisen opinnoissa teko\u00e4lyavusteista simulaatio-opetusta.<\/p>\n<p>[\/vc_icon][\/vc_column][\/vc_row][vc_row row_height_percent=&#8221;0&#8243; overlay_alpha=&#8221;50&#8243; gutter_size=&#8221;4&#8243; column_width_percent=&#8221;100&#8243; shift_y=&#8221;0&#8243; z_index=&#8221;0&#8243; uncode_shortcode_id=&#8221;595917&#8243;][vc_column width=&#8221;1\/2&#8243;][vc_icon icon_image=&#8221;25335&#8243; heading_semantic=&#8221;h2&#8243; linked_title=&#8221;yes&#8221; css_animation=&#8221;bottom-t-top&#8221; animation_speed=&#8221;1000&#8243; uncode_shortcode_id=&#8221;115475&#8243; title=&#8221;The Virtual AI Summit Hong Kong&#8221; link=&#8221;url:https%3A%2F%2Ftmt.knect365.com%2Fai-summit-hong-kong%2Fspeakers%2Fmarko-kesti%2F%23initiate_artificial-intelligence-mentor-for-human-capital-management|target:_blank&#8221;]Teko\u00e4lyavusteinen esimiesten ty\u00f6nohjaaja AIMO on valittu esitelt\u00e4v\u00e4ksi virtuaalisessa seminaarissa, jossa esitell\u00e4\u00e4n uusinta teko\u00e4lyteknologiaa.<\/p>\n<p>[\/vc_icon][\/vc_column][vc_column width=&#8221;1\/2&#8243;][vc_icon icon_image=&#8221;25337&#8243; heading_semantic=&#8221;h2&#8243; linked_title=&#8221;yes&#8221; css_animation=&#8221;bottom-t-top&#8221; animation_speed=&#8221;1000&#8243; uncode_shortcode_id=&#8221;213851&#8243; title=&#8221;Ty\u00f6turvallisuuskeskus TTK&#8221; link=&#8221;url:https%3A%2F%2Fwww.jamk.fi%2Ffi%2FKoulutus%2F|target:_blank&#8221;]Uudessa Ty\u00f6suojelun Taloudelliset vaikutukset -oppaassa suositellaan simulaatio-opetuspeli\u00e4, jolla voi harjoitella esimiesty\u00f6n vaikutuksia ty\u00f6el\u00e4m\u00e4n laatuun ja talouteen.<\/p>\n<p>[\/vc_icon][\/vc_column][\/vc_row][vc_row row_height_percent=&#8221;0&#8243; overlay_alpha=&#8221;50&#8243; gutter_size=&#8221;4&#8243; column_width_percent=&#8221;100&#8243; shift_y=&#8221;0&#8243; z_index=&#8221;0&#8243; uncode_shortcode_id=&#8221;865224&#8243;][vc_column width=&#8221;1\/2&#8243;][vc_icon icon_image=&#8221;25292&#8243; heading_semantic=&#8221;h2&#8243; linked_title=&#8221;yes&#8221; css_animation=&#8221;bottom-t-top&#8221; animation_speed=&#8221;1000&#8243; uncode_shortcode_id=&#8221;144723&#8243; title=&#8221;Muhoksen kunta&#8221; link=&#8221;url:https%3A%2F%2Ftmt.knect365.com%2Fai-summit-hong-kong%2Fspeakers%2Fmarko-kesti%2F%23initiate_artificial-intelligence-mentor-for-human-capital-management|target:_blank&#8221;]Teko\u00e4lyavusteinen simulaatiopeli on valittu ty\u00f6v\u00e4lineeksi Muhoksen kunnan kehitt\u00e4mishankkeeseen. Hankkeen tavoitteena on saada parempaa vaikuttavuutta ihmisten johtamistaitojen kehitt\u00e4miseen hy\u00f6dynt\u00e4m\u00e4ll\u00e4 uusia digitaalisia ratkaisuja. Hanke on saanut KEVA kehitt\u00e4misavustusta.<\/p>\n<p>[\/vc_icon][\/vc_column][vc_column width=&#8221;1\/2&#8243;][\/vc_column][\/vc_row]<\/p>\n<\/div>","protected":false},"excerpt":{"rendered":"<p>[vc_row row_height_percent=&#8221;0&#8243; overlay_alpha=&#8221;50&#8243; gutter_size=&#8221;4&#8243; column_width_percent=&#8221;100&#8243; shift_y=&#8221;0&#8243; z_index=&#8221;0&#8243; uncode_shortcode_id=&#8221;164787&#8243;][vc_column column_width_percent=&#8221;100&#8243; gutter_size=&#8221;3&#8243; overlay_alpha=&#8221;50&#8243; shift_x=&#8221;0&#8243; shift_y=&#8221;0&#8243; shift_y_down=&#8221;0&#8243; z_index=&#8221;0&#8243; medium_width=&#8221;0&#8243; mobile_width=&#8221;0&#8243; width=&#8221;1\/2&#8243; uncode_shortcode_id=&#8221;187714&#8243;][vc_icon icon_image=&#8221;25309&#8243; [&hellip;]<\/p>\n","protected":false},"author":2,"featured_media":25206,"parent":0,"menu_order":0,"comment_status":"closed","ping_status":"closed","template":"","meta":{"footnotes":""},"class_list":["post-26028","page","type-page","status-publish","has-post-thumbnail","hentry"],"yoast_head":"<!-- This site is optimized with the Yoast SEO plugin v27.3 - https:\/\/yoast.com\/product\/yoast-seo-wordpress\/ -->\n<title>Referenssit | Leadermind<\/title>\n<meta name=\"robots\" content=\"index, follow, max-snippet:-1, max-image-preview:large, max-video-preview:-1\" \/>\n<link rel=\"canonical\" href=\"https:\/\/leadermind.fi\/fi\/referenssit\/\" \/>\n<meta property=\"og:locale\" content=\"fi_FI\" \/>\n<meta property=\"og:type\" content=\"article\" \/>\n<meta property=\"og:title\" content=\"Referenssit | Leadermind\" \/>\n<meta property=\"og:description\" content=\"[vc_row row_height_percent=&#8221;0&#8243; overlay_alpha=&#8221;50&#8243; gutter_size=&#8221;4&#8243; column_width_percent=&#8221;100&#8243; shift_y=&#8221;0&#8243; z_index=&#8221;0&#8243; uncode_shortcode_id=&#8221;164787&#8243;][vc_column column_width_percent=&#8221;100&#8243; gutter_size=&#8221;3&#8243; overlay_alpha=&#8221;50&#8243; shift_x=&#8221;0&#8243; shift_y=&#8221;0&#8243; shift_y_down=&#8221;0&#8243; z_index=&#8221;0&#8243; medium_width=&#8221;0&#8243; mobile_width=&#8221;0&#8243; width=&#8221;1\/2&#8243; uncode_shortcode_id=&#8221;187714&#8243;][vc_icon icon_image=&#8221;25309&#8243; [&hellip;]\" \/>\n<meta property=\"og:url\" content=\"https:\/\/leadermind.fi\/fi\/referenssit\/\" \/>\n<meta property=\"og:site_name\" content=\"Leadermind\" \/>\n<meta property=\"article:publisher\" content=\"https:\/\/www.facebook.com\/LeaderMind2020\/\" \/>\n<meta property=\"article:modified_time\" content=\"2022-11-16T16:16:54+00:00\" \/>\n<meta property=\"og:image\" content=\"https:\/\/leadermind-fi.hel9.wp-cloud.dev\/wp-content\/uploads\/2020\/06\/Leadermind-header.jpg\" \/>\n\t<meta property=\"og:image:width\" content=\"2026\" \/>\n\t<meta property=\"og:image:height\" content=\"1080\" \/>\n\t<meta property=\"og:image:type\" content=\"image\/jpeg\" \/>\n<meta name=\"twitter:card\" content=\"summary_large_image\" \/>\n<meta name=\"twitter:label1\" content=\"Arvioitu lukuaika\" \/>\n\t<meta name=\"twitter:data1\" content=\"4 minuuttia\" \/>\n<script type=\"application\/ld+json\" class=\"yoast-schema-graph\">{\"@context\":\"https:\\\/\\\/schema.org\",\"@graph\":[{\"@type\":\"WebPage\",\"@id\":\"https:\\\/\\\/leadermind.fi\\\/fi\\\/referenssit\\\/\",\"url\":\"https:\\\/\\\/leadermind.fi\\\/fi\\\/referenssit\\\/\",\"name\":\"Referenssit | Leadermind\",\"isPartOf\":{\"@id\":\"https:\\\/\\\/leadermind-fi.hel9.wp-cloud.dev\\\/#website\"},\"primaryImageOfPage\":{\"@id\":\"https:\\\/\\\/leadermind.fi\\\/fi\\\/referenssit\\\/#primaryimage\"},\"image\":{\"@id\":\"https:\\\/\\\/leadermind.fi\\\/fi\\\/referenssit\\\/#primaryimage\"},\"thumbnailUrl\":\"https:\\\/\\\/leadermind.fi\\\/wp-content\\\/uploads\\\/2020\\\/06\\\/Leadermind-header.jpg\",\"datePublished\":\"2022-11-16T16:15:06+00:00\",\"dateModified\":\"2022-11-16T16:16:54+00:00\",\"breadcrumb\":{\"@id\":\"https:\\\/\\\/leadermind.fi\\\/fi\\\/referenssit\\\/#breadcrumb\"},\"inLanguage\":\"fi\",\"potentialAction\":[{\"@type\":\"ReadAction\",\"target\":[\"https:\\\/\\\/leadermind.fi\\\/fi\\\/referenssit\\\/\"]}]},{\"@type\":\"ImageObject\",\"inLanguage\":\"fi\",\"@id\":\"https:\\\/\\\/leadermind.fi\\\/fi\\\/referenssit\\\/#primaryimage\",\"url\":\"https:\\\/\\\/leadermind.fi\\\/wp-content\\\/uploads\\\/2020\\\/06\\\/Leadermind-header.jpg\",\"contentUrl\":\"https:\\\/\\\/leadermind.fi\\\/wp-content\\\/uploads\\\/2020\\\/06\\\/Leadermind-header.jpg\",\"width\":2026,\"height\":1080},{\"@type\":\"BreadcrumbList\",\"@id\":\"https:\\\/\\\/leadermind.fi\\\/fi\\\/referenssit\\\/#breadcrumb\",\"itemListElement\":[{\"@type\":\"ListItem\",\"position\":1,\"name\":\"Home\",\"item\":\"https:\\\/\\\/leadermind.fi\\\/fi\\\/etusivu\\\/\"},{\"@type\":\"ListItem\",\"position\":2,\"name\":\"Referenssit\"}]},{\"@type\":\"WebSite\",\"@id\":\"https:\\\/\\\/leadermind-fi.hel9.wp-cloud.dev\\\/#website\",\"url\":\"https:\\\/\\\/leadermind-fi.hel9.wp-cloud.dev\\\/\",\"name\":\"Leadermind\",\"description\":\"Productive Leadership Simulation\",\"publisher\":{\"@id\":\"https:\\\/\\\/leadermind-fi.hel9.wp-cloud.dev\\\/#organization\"},\"potentialAction\":[{\"@type\":\"SearchAction\",\"target\":{\"@type\":\"EntryPoint\",\"urlTemplate\":\"https:\\\/\\\/leadermind-fi.hel9.wp-cloud.dev\\\/?s={search_term_string}\"},\"query-input\":{\"@type\":\"PropertyValueSpecification\",\"valueRequired\":true,\"valueName\":\"search_term_string\"}}],\"inLanguage\":\"fi\"},{\"@type\":\"Organization\",\"@id\":\"https:\\\/\\\/leadermind-fi.hel9.wp-cloud.dev\\\/#organization\",\"name\":\"LeaderMind\",\"url\":\"https:\\\/\\\/leadermind-fi.hel9.wp-cloud.dev\\\/\",\"logo\":{\"@type\":\"ImageObject\",\"inLanguage\":\"fi\",\"@id\":\"https:\\\/\\\/leadermind-fi.hel9.wp-cloud.dev\\\/#\\\/schema\\\/logo\\\/image\\\/\",\"url\":\"https:\\\/\\\/leadermind.fi\\\/wp-content\\\/uploads\\\/2020\\\/06\\\/leadermind-logo.png\",\"contentUrl\":\"https:\\\/\\\/leadermind.fi\\\/wp-content\\\/uploads\\\/2020\\\/06\\\/leadermind-logo.png\",\"width\":1200,\"height\":298,\"caption\":\"LeaderMind\"},\"image\":{\"@id\":\"https:\\\/\\\/leadermind-fi.hel9.wp-cloud.dev\\\/#\\\/schema\\\/logo\\\/image\\\/\"},\"sameAs\":[\"https:\\\/\\\/www.facebook.com\\\/LeaderMind2020\\\/\"]}]}<\/script>\n<!-- \/ Yoast SEO plugin. -->","yoast_head_json":{"title":"Referenssit | Leadermind","robots":{"index":"index","follow":"follow","max-snippet":"max-snippet:-1","max-image-preview":"max-image-preview:large","max-video-preview":"max-video-preview:-1"},"canonical":"https:\/\/leadermind.fi\/fi\/referenssit\/","og_locale":"fi_FI","og_type":"article","og_title":"Referenssit | Leadermind","og_description":"[vc_row row_height_percent=&#8221;0&#8243; overlay_alpha=&#8221;50&#8243; gutter_size=&#8221;4&#8243; column_width_percent=&#8221;100&#8243; shift_y=&#8221;0&#8243; z_index=&#8221;0&#8243; uncode_shortcode_id=&#8221;164787&#8243;][vc_column column_width_percent=&#8221;100&#8243; gutter_size=&#8221;3&#8243; overlay_alpha=&#8221;50&#8243; shift_x=&#8221;0&#8243; shift_y=&#8221;0&#8243; shift_y_down=&#8221;0&#8243; z_index=&#8221;0&#8243; medium_width=&#8221;0&#8243; mobile_width=&#8221;0&#8243; width=&#8221;1\/2&#8243; uncode_shortcode_id=&#8221;187714&#8243;][vc_icon icon_image=&#8221;25309&#8243; [&hellip;]","og_url":"https:\/\/leadermind.fi\/fi\/referenssit\/","og_site_name":"Leadermind","article_publisher":"https:\/\/www.facebook.com\/LeaderMind2020\/","article_modified_time":"2022-11-16T16:16:54+00:00","og_image":[{"width":2026,"height":1080,"url":"https:\/\/leadermind-fi.hel9.wp-cloud.dev\/wp-content\/uploads\/2020\/06\/Leadermind-header.jpg","type":"image\/jpeg"}],"twitter_card":"summary_large_image","twitter_misc":{"Arvioitu lukuaika":"4 minuuttia"},"schema":{"@context":"https:\/\/schema.org","@graph":[{"@type":"WebPage","@id":"https:\/\/leadermind.fi\/fi\/referenssit\/","url":"https:\/\/leadermind.fi\/fi\/referenssit\/","name":"Referenssit | Leadermind","isPartOf":{"@id":"https:\/\/leadermind-fi.hel9.wp-cloud.dev\/#website"},"primaryImageOfPage":{"@id":"https:\/\/leadermind.fi\/fi\/referenssit\/#primaryimage"},"image":{"@id":"https:\/\/leadermind.fi\/fi\/referenssit\/#primaryimage"},"thumbnailUrl":"https:\/\/leadermind.fi\/wp-content\/uploads\/2020\/06\/Leadermind-header.jpg","datePublished":"2022-11-16T16:15:06+00:00","dateModified":"2022-11-16T16:16:54+00:00","breadcrumb":{"@id":"https:\/\/leadermind.fi\/fi\/referenssit\/#breadcrumb"},"inLanguage":"fi","potentialAction":[{"@type":"ReadAction","target":["https:\/\/leadermind.fi\/fi\/referenssit\/"]}]},{"@type":"ImageObject","inLanguage":"fi","@id":"https:\/\/leadermind.fi\/fi\/referenssit\/#primaryimage","url":"https:\/\/leadermind.fi\/wp-content\/uploads\/2020\/06\/Leadermind-header.jpg","contentUrl":"https:\/\/leadermind.fi\/wp-content\/uploads\/2020\/06\/Leadermind-header.jpg","width":2026,"height":1080},{"@type":"BreadcrumbList","@id":"https:\/\/leadermind.fi\/fi\/referenssit\/#breadcrumb","itemListElement":[{"@type":"ListItem","position":1,"name":"Home","item":"https:\/\/leadermind.fi\/fi\/etusivu\/"},{"@type":"ListItem","position":2,"name":"Referenssit"}]},{"@type":"WebSite","@id":"https:\/\/leadermind-fi.hel9.wp-cloud.dev\/#website","url":"https:\/\/leadermind-fi.hel9.wp-cloud.dev\/","name":"Leadermind","description":"Productive Leadership Simulation","publisher":{"@id":"https:\/\/leadermind-fi.hel9.wp-cloud.dev\/#organization"},"potentialAction":[{"@type":"SearchAction","target":{"@type":"EntryPoint","urlTemplate":"https:\/\/leadermind-fi.hel9.wp-cloud.dev\/?s={search_term_string}"},"query-input":{"@type":"PropertyValueSpecification","valueRequired":true,"valueName":"search_term_string"}}],"inLanguage":"fi"},{"@type":"Organization","@id":"https:\/\/leadermind-fi.hel9.wp-cloud.dev\/#organization","name":"LeaderMind","url":"https:\/\/leadermind-fi.hel9.wp-cloud.dev\/","logo":{"@type":"ImageObject","inLanguage":"fi","@id":"https:\/\/leadermind-fi.hel9.wp-cloud.dev\/#\/schema\/logo\/image\/","url":"https:\/\/leadermind.fi\/wp-content\/uploads\/2020\/06\/leadermind-logo.png","contentUrl":"https:\/\/leadermind.fi\/wp-content\/uploads\/2020\/06\/leadermind-logo.png","width":1200,"height":298,"caption":"LeaderMind"},"image":{"@id":"https:\/\/leadermind-fi.hel9.wp-cloud.dev\/#\/schema\/logo\/image\/"},"sameAs":["https:\/\/www.facebook.com\/LeaderMind2020\/"]}]}},"jetpack_sharing_enabled":true,"_links":{"self":[{"href":"https:\/\/leadermind.fi\/fi\/wp-json\/wp\/v2\/pages\/26028","targetHints":{"allow":["GET"]}}],"collection":[{"href":"https:\/\/leadermind.fi\/fi\/wp-json\/wp\/v2\/pages"}],"about":[{"href":"https:\/\/leadermind.fi\/fi\/wp-json\/wp\/v2\/types\/page"}],"author":[{"embeddable":true,"href":"https:\/\/leadermind.fi\/fi\/wp-json\/wp\/v2\/users\/2"}],"replies":[{"embeddable":true,"href":"https:\/\/leadermind.fi\/fi\/wp-json\/wp\/v2\/comments?post=26028"}],"version-history":[{"count":2,"href":"https:\/\/leadermind.fi\/fi\/wp-json\/wp\/v2\/pages\/26028\/revisions"}],"predecessor-version":[{"id":26030,"href":"https:\/\/leadermind.fi\/fi\/wp-json\/wp\/v2\/pages\/26028\/revisions\/26030"}],"wp:featuredmedia":[{"embeddable":true,"href":"https:\/\/leadermind.fi\/fi\/wp-json\/wp\/v2\/media\/25206"}],"wp:attachment":[{"href":"https:\/\/leadermind.fi\/fi\/wp-json\/wp\/v2\/media?parent=26028"}],"curies":[{"name":"wp","href":"https:\/\/api.w.org\/{rel}","templated":true}]}}