{"id":25960,"date":"2022-03-29T08:08:21","date_gmt":"2022-03-29T06:08:21","guid":{"rendered":"https:\/\/leadermind.fi\/shop\/aimo-kuukausipaketti\/"},"modified":"2022-11-18T16:10:45","modified_gmt":"2022-11-18T14:10:45","slug":"aimo-kuukausipaketti","status":"publish","type":"product","link":"https:\/\/leadermind.fi\/fi\/kauppa\/aimo-kuukausipaketti\/","title":{"rendered":"AIMO-kuukausipaketti"},"content":{"rendered":"","protected":false},"excerpt":{"rendered":"<p>AIMO on Playgainin ohjelmistopalveluna tarjoama teko\u00e4lyavustaja tiiminvet\u00e4jille.T\u00e4m\u00e4 ohjelmistolisenssi on voimassa kuukauden. <\/p>\n","protected":false},"featured_media":25170,"template":"","meta":[],"product_brand":[],"product_cat":[38],"product_tag":[],"class_list":{"0":"post-25960","1":"product","2":"type-product","3":"status-publish","4":"has-post-thumbnail","6":"product_cat-uncategorized-fi","8":"first","9":"instock","10":"virtual","11":"sold-individually","12":"taxable","13":"product-type-simple"},"yoast_head":"<!-- This site is optimized with the Yoast SEO plugin v27.3 - https:\/\/yoast.com\/product\/yoast-seo-wordpress\/ -->\n<title>AIMO-kuukausipaketti | Leadermind<\/title>\n<meta name=\"robots\" content=\"index, follow, max-snippet:-1, max-image-preview:large, max-video-preview:-1\" \/>\n<link rel=\"canonical\" href=\"https:\/\/leadermind.fi\/fi\/kauppa\/aimo-kuukausipaketti\/\" \/>\n<meta property=\"og:locale\" content=\"fi_FI\" \/>\n<meta property=\"og:type\" content=\"article\" \/>\n<meta property=\"og:title\" content=\"AIMO-kuukausipaketti | Leadermind\" \/>\n<meta property=\"og:description\" content=\"AIMO on Playgainin ohjelmistopalveluna tarjoama teko\u00e4lyavustaja tiiminvet\u00e4jille.T\u00e4m\u00e4 ohjelmistolisenssi on voimassa kuukauden.\" \/>\n<meta property=\"og:url\" content=\"https:\/\/leadermind.fi\/fi\/kauppa\/aimo-kuukausipaketti\/\" \/>\n<meta property=\"og:site_name\" content=\"Leadermind\" \/>\n<meta property=\"article:publisher\" content=\"https:\/\/www.facebook.com\/LeaderMind2020\/\" \/>\n<meta property=\"article:modified_time\" content=\"2022-11-18T14:10:45+00:00\" \/>\n<meta property=\"og:image\" content=\"https:\/\/leadermind-fi.hel9.wp-cloud.dev\/wp-content\/uploads\/2020\/06\/Leadermind-art.jpg\" \/>\n\t<meta property=\"og:image:width\" content=\"1624\" \/>\n\t<meta property=\"og:image:height\" content=\"1081\" \/>\n\t<meta property=\"og:image:type\" content=\"image\/jpeg\" \/>\n<meta name=\"twitter:card\" content=\"summary_large_image\" \/>\n<script type=\"application\/ld+json\" class=\"yoast-schema-graph\">{\"@context\":\"https:\\\/\\\/schema.org\",\"@graph\":[{\"@type\":\"WebPage\",\"@id\":\"https:\\\/\\\/leadermind.fi\\\/fi\\\/kauppa\\\/aimo-kuukausipaketti\\\/\",\"url\":\"https:\\\/\\\/leadermind.fi\\\/fi\\\/kauppa\\\/aimo-kuukausipaketti\\\/\",\"name\":\"AIMO-kuukausipaketti | Leadermind\",\"isPartOf\":{\"@id\":\"https:\\\/\\\/leadermind-fi.hel9.wp-cloud.dev\\\/#website\"},\"primaryImageOfPage\":{\"@id\":\"https:\\\/\\\/leadermind.fi\\\/fi\\\/kauppa\\\/aimo-kuukausipaketti\\\/#primaryimage\"},\"image\":{\"@id\":\"https:\\\/\\\/leadermind.fi\\\/fi\\\/kauppa\\\/aimo-kuukausipaketti\\\/#primaryimage\"},\"thumbnailUrl\":\"https:\\\/\\\/leadermind.fi\\\/wp-content\\\/uploads\\\/2020\\\/06\\\/Leadermind-art.jpg\",\"datePublished\":\"2022-03-29T06:08:21+00:00\",\"dateModified\":\"2022-11-18T14:10:45+00:00\",\"breadcrumb\":{\"@id\":\"https:\\\/\\\/leadermind.fi\\\/fi\\\/kauppa\\\/aimo-kuukausipaketti\\\/#breadcrumb\"},\"inLanguage\":\"fi\",\"potentialAction\":[{\"@type\":\"ReadAction\",\"target\":[\"https:\\\/\\\/leadermind.fi\\\/fi\\\/kauppa\\\/aimo-kuukausipaketti\\\/\"]}]},{\"@type\":\"ImageObject\",\"inLanguage\":\"fi\",\"@id\":\"https:\\\/\\\/leadermind.fi\\\/fi\\\/kauppa\\\/aimo-kuukausipaketti\\\/#primaryimage\",\"url\":\"https:\\\/\\\/leadermind.fi\\\/wp-content\\\/uploads\\\/2020\\\/06\\\/Leadermind-art.jpg\",\"contentUrl\":\"https:\\\/\\\/leadermind.fi\\\/wp-content\\\/uploads\\\/2020\\\/06\\\/Leadermind-art.jpg\",\"width\":1624,\"height\":1081},{\"@type\":\"BreadcrumbList\",\"@id\":\"https:\\\/\\\/leadermind.fi\\\/fi\\\/kauppa\\\/aimo-kuukausipaketti\\\/#breadcrumb\",\"itemListElement\":[{\"@type\":\"ListItem\",\"position\":1,\"name\":\"Home\",\"item\":\"https:\\\/\\\/leadermind.fi\\\/fi\\\/etusivu\\\/\"},{\"@type\":\"ListItem\",\"position\":2,\"name\":\"Kauppa\",\"item\":\"https:\\\/\\\/leadermind-fi.hel9.wp-cloud.dev\\\/fi\\\/shop-2\\\/\"},{\"@type\":\"ListItem\",\"position\":3,\"name\":\"AIMO-kuukausipaketti\"}]},{\"@type\":\"WebSite\",\"@id\":\"https:\\\/\\\/leadermind-fi.hel9.wp-cloud.dev\\\/#website\",\"url\":\"https:\\\/\\\/leadermind-fi.hel9.wp-cloud.dev\\\/\",\"name\":\"Leadermind\",\"description\":\"Productive Leadership Simulation\",\"publisher\":{\"@id\":\"https:\\\/\\\/leadermind-fi.hel9.wp-cloud.dev\\\/#organization\"},\"potentialAction\":[{\"@type\":\"SearchAction\",\"target\":{\"@type\":\"EntryPoint\",\"urlTemplate\":\"https:\\\/\\\/leadermind-fi.hel9.wp-cloud.dev\\\/?s={search_term_string}\"},\"query-input\":{\"@type\":\"PropertyValueSpecification\",\"valueRequired\":true,\"valueName\":\"search_term_string\"}}],\"inLanguage\":\"fi\"},{\"@type\":\"Organization\",\"@id\":\"https:\\\/\\\/leadermind-fi.hel9.wp-cloud.dev\\\/#organization\",\"name\":\"LeaderMind\",\"url\":\"https:\\\/\\\/leadermind-fi.hel9.wp-cloud.dev\\\/\",\"logo\":{\"@type\":\"ImageObject\",\"inLanguage\":\"fi\",\"@id\":\"https:\\\/\\\/leadermind-fi.hel9.wp-cloud.dev\\\/#\\\/schema\\\/logo\\\/image\\\/\",\"url\":\"https:\\\/\\\/leadermind.fi\\\/wp-content\\\/uploads\\\/2020\\\/06\\\/leadermind-logo.png\",\"contentUrl\":\"https:\\\/\\\/leadermind.fi\\\/wp-content\\\/uploads\\\/2020\\\/06\\\/leadermind-logo.png\",\"width\":1200,\"height\":298,\"caption\":\"LeaderMind\"},\"image\":{\"@id\":\"https:\\\/\\\/leadermind-fi.hel9.wp-cloud.dev\\\/#\\\/schema\\\/logo\\\/image\\\/\"},\"sameAs\":[\"https:\\\/\\\/www.facebook.com\\\/LeaderMind2020\\\/\"]}]}<\/script>\n<!-- \/ Yoast SEO plugin. -->","yoast_head_json":{"title":"AIMO-kuukausipaketti | Leadermind","robots":{"index":"index","follow":"follow","max-snippet":"max-snippet:-1","max-image-preview":"max-image-preview:large","max-video-preview":"max-video-preview:-1"},"canonical":"https:\/\/leadermind.fi\/fi\/kauppa\/aimo-kuukausipaketti\/","og_locale":"fi_FI","og_type":"article","og_title":"AIMO-kuukausipaketti | Leadermind","og_description":"AIMO on Playgainin ohjelmistopalveluna tarjoama teko\u00e4lyavustaja tiiminvet\u00e4jille.T\u00e4m\u00e4 ohjelmistolisenssi on voimassa kuukauden.","og_url":"https:\/\/leadermind.fi\/fi\/kauppa\/aimo-kuukausipaketti\/","og_site_name":"Leadermind","article_publisher":"https:\/\/www.facebook.com\/LeaderMind2020\/","article_modified_time":"2022-11-18T14:10:45+00:00","og_image":[{"width":1624,"height":1081,"url":"https:\/\/leadermind-fi.hel9.wp-cloud.dev\/wp-content\/uploads\/2020\/06\/Leadermind-art.jpg","type":"image\/jpeg"}],"twitter_card":"summary_large_image","schema":{"@context":"https:\/\/schema.org","@graph":[{"@type":"WebPage","@id":"https:\/\/leadermind.fi\/fi\/kauppa\/aimo-kuukausipaketti\/","url":"https:\/\/leadermind.fi\/fi\/kauppa\/aimo-kuukausipaketti\/","name":"AIMO-kuukausipaketti | Leadermind","isPartOf":{"@id":"https:\/\/leadermind-fi.hel9.wp-cloud.dev\/#website"},"primaryImageOfPage":{"@id":"https:\/\/leadermind.fi\/fi\/kauppa\/aimo-kuukausipaketti\/#primaryimage"},"image":{"@id":"https:\/\/leadermind.fi\/fi\/kauppa\/aimo-kuukausipaketti\/#primaryimage"},"thumbnailUrl":"https:\/\/leadermind.fi\/wp-content\/uploads\/2020\/06\/Leadermind-art.jpg","datePublished":"2022-03-29T06:08:21+00:00","dateModified":"2022-11-18T14:10:45+00:00","breadcrumb":{"@id":"https:\/\/leadermind.fi\/fi\/kauppa\/aimo-kuukausipaketti\/#breadcrumb"},"inLanguage":"fi","potentialAction":[{"@type":"ReadAction","target":["https:\/\/leadermind.fi\/fi\/kauppa\/aimo-kuukausipaketti\/"]}]},{"@type":"ImageObject","inLanguage":"fi","@id":"https:\/\/leadermind.fi\/fi\/kauppa\/aimo-kuukausipaketti\/#primaryimage","url":"https:\/\/leadermind.fi\/wp-content\/uploads\/2020\/06\/Leadermind-art.jpg","contentUrl":"https:\/\/leadermind.fi\/wp-content\/uploads\/2020\/06\/Leadermind-art.jpg","width":1624,"height":1081},{"@type":"BreadcrumbList","@id":"https:\/\/leadermind.fi\/fi\/kauppa\/aimo-kuukausipaketti\/#breadcrumb","itemListElement":[{"@type":"ListItem","position":1,"name":"Home","item":"https:\/\/leadermind.fi\/fi\/etusivu\/"},{"@type":"ListItem","position":2,"name":"Kauppa","item":"https:\/\/leadermind-fi.hel9.wp-cloud.dev\/fi\/shop-2\/"},{"@type":"ListItem","position":3,"name":"AIMO-kuukausipaketti"}]},{"@type":"WebSite","@id":"https:\/\/leadermind-fi.hel9.wp-cloud.dev\/#website","url":"https:\/\/leadermind-fi.hel9.wp-cloud.dev\/","name":"Leadermind","description":"Productive Leadership Simulation","publisher":{"@id":"https:\/\/leadermind-fi.hel9.wp-cloud.dev\/#organization"},"potentialAction":[{"@type":"SearchAction","target":{"@type":"EntryPoint","urlTemplate":"https:\/\/leadermind-fi.hel9.wp-cloud.dev\/?s={search_term_string}"},"query-input":{"@type":"PropertyValueSpecification","valueRequired":true,"valueName":"search_term_string"}}],"inLanguage":"fi"},{"@type":"Organization","@id":"https:\/\/leadermind-fi.hel9.wp-cloud.dev\/#organization","name":"LeaderMind","url":"https:\/\/leadermind-fi.hel9.wp-cloud.dev\/","logo":{"@type":"ImageObject","inLanguage":"fi","@id":"https:\/\/leadermind-fi.hel9.wp-cloud.dev\/#\/schema\/logo\/image\/","url":"https:\/\/leadermind.fi\/wp-content\/uploads\/2020\/06\/leadermind-logo.png","contentUrl":"https:\/\/leadermind.fi\/wp-content\/uploads\/2020\/06\/leadermind-logo.png","width":1200,"height":298,"caption":"LeaderMind"},"image":{"@id":"https:\/\/leadermind-fi.hel9.wp-cloud.dev\/#\/schema\/logo\/image\/"},"sameAs":["https:\/\/www.facebook.com\/LeaderMind2020\/"]}]}},"jetpack_sharing_enabled":true,"_links":{"self":[{"href":"https:\/\/leadermind.fi\/fi\/wp-json\/wp\/v2\/product\/25960","targetHints":{"allow":["GET"]}}],"collection":[{"href":"https:\/\/leadermind.fi\/fi\/wp-json\/wp\/v2\/product"}],"about":[{"href":"https:\/\/leadermind.fi\/fi\/wp-json\/wp\/v2\/types\/product"}],"wp:featuredmedia":[{"embeddable":true,"href":"https:\/\/leadermind.fi\/fi\/wp-json\/wp\/v2\/media\/25170"}],"wp:attachment":[{"href":"https:\/\/leadermind.fi\/fi\/wp-json\/wp\/v2\/media?parent=25960"}],"wp:term":[{"taxonomy":"product_brand","embeddable":true,"href":"https:\/\/leadermind.fi\/fi\/wp-json\/wp\/v2\/product_brand?post=25960"},{"taxonomy":"product_cat","embeddable":true,"href":"https:\/\/leadermind.fi\/fi\/wp-json\/wp\/v2\/product_cat?post=25960"},{"taxonomy":"product_tag","embeddable":true,"href":"https:\/\/leadermind.fi\/fi\/wp-json\/wp\/v2\/product_tag?post=25960"}],"curies":[{"name":"wp","href":"https:\/\/api.w.org\/{rel}","templated":true}]}}